{"id":2777,"date":"2026-04-09T01:09:31","date_gmt":"2026-04-09T01:09:31","guid":{"rendered":"https:\/\/simplestepsbetterair.org\/?page_id=2777"},"modified":"2026-04-11T00:26:54","modified_gmt":"2026-04-11T00:26:54","slug":"electrify-your-lawn-equipment","status":"publish","type":"page","link":"https:\/\/simplestepsbetterair.org\/es\/electrify-your-lawn-equipment\/","title":{"rendered":"Electrify your lawn equipment"},"content":{"rendered":"<div data-elementor-type=\"wp-page\" data-elementor-id=\"2777\" class=\"elementor elementor-2777\" data-elementor-post-type=\"page\">\n\t\t\t\t<div class=\"elementor-element elementor-element-d597811 e-flex e-con-boxed e-con e-parent\" data-id=\"d597811\" data-element_type=\"container\" data-e-type=\"container\">\n\t\t\t\t\t<div class=\"e-con-inner\">\n\t\t<div class=\"elementor-element elementor-element-d97312f e-con-full e-flex e-con e-child\" data-id=\"d97312f\" data-element_type=\"container\" data-e-type=\"container\">\n\t\t\t\t<div class=\"elementor-element elementor-element-90da1c2 elementor-widget elementor-widget-heading\" data-id=\"90da1c2\" data-element_type=\"widget\" data-e-type=\"widget\" data-widget_type=\"heading.default\">\n\t\t\t\t<div class=\"elementor-widget-container\">\n\t\t\t\t\t<h1 class=\"elementor-heading-title elementor-size-default\">Electrifique su maquinaria de jardiner\u00eda<\/h1>\t\t\t\t<\/div>\n\t\t\t\t<\/div>\n\t\t\t\t<div class=\"elementor-element elementor-element-9a080fc elementor-widget elementor-widget-text-editor\" data-id=\"9a080fc\" data-element_type=\"widget\" data-e-type=\"widget\" data-widget_type=\"text-editor.default\">\n\t\t\t\t<div class=\"elementor-widget-container\">\n\t\t\t\t\t\t\t\t\t<p style=\"text-align: left;\">El uso de m\u00e1quinas cortac\u00e9sped de gas genera una gran cantidad de contaminaci\u00f3n atmosf\u00e9rica, contaminaci\u00f3n del agua y contaminaci\u00f3n ac\u00fastica. A mucha gente le sorprende saber que hacer funcionar un cortac\u00e9sped de gas durante una hora genera las mismas emisiones que conducir un coche 350 millas. Y hacer funcionar un soplador de hojas a gas durante una hora equivale a conducir un coche m\u00e1s de 1.000 millas.\u00a0<\/p>\t\t\t\t\t\t\t\t<\/div>\n\t\t\t\t<\/div>\n\t\t\t\t<\/div>\n\t\t<div class=\"elementor-element elementor-element-b36bd95 e-con-full e-flex e-con e-child\" data-id=\"b36bd95\" data-element_type=\"container\" data-e-type=\"container\">\n\t\t\t\t<div class=\"elementor-element elementor-element-f59a11c elementor-widget elementor-widget-image\" data-id=\"f59a11c\" data-element_type=\"widget\" data-e-type=\"widget\" data-widget_type=\"image.default\">\n\t\t\t\t<div class=\"elementor-widget-container\">\n\t\t\t\t\t\t\t\t\t\t\t\t\t\t\t<img fetchpriority=\"high\" decoding=\"async\" width=\"722\" height=\"674\" src=\"https:\/\/simplestepsbetterair.org\/wp-content\/uploads\/2026\/04\/Electric_Lawnmower.webp\" class=\"attachment-large size-large wp-image-2779\" alt=\"Illustration of a man mowing his lawn with electric lawn and garden equipment, featuring a battery-powered mower with a lightning bolt symbol\" srcset=\"https:\/\/simplestepsbetterair.org\/wp-content\/uploads\/2026\/04\/Electric_Lawnmower.webp 722w, https:\/\/simplestepsbetterair.org\/wp-content\/uploads\/2026\/04\/Electric_Lawnmower-300x280.webp 300w, https:\/\/simplestepsbetterair.org\/wp-content\/uploads\/2026\/04\/Electric_Lawnmower-13x12.webp 13w\" sizes=\"(max-width: 722px) 100vw, 722px\" \/>\t\t\t\t\t\t\t\t\t\t\t\t\t\t\t<\/div>\n\t\t\t\t<\/div>\n\t\t\t\t<\/div>\n\t\t\t\t\t<\/div>\n\t\t\t\t<\/div>\n\t\t<div class=\"elementor-element elementor-element-1a5764d e-flex e-con-boxed e-con e-parent\" data-id=\"1a5764d\" data-element_type=\"container\" data-e-type=\"container\">\n\t\t\t\t\t<div class=\"e-con-inner\">\n\t\t<div class=\"elementor-element elementor-element-7deddd3 e-flex e-con-boxed e-con e-child\" data-id=\"7deddd3\" data-element_type=\"container\" data-e-type=\"container\">\n\t\t\t\t\t<div class=\"e-con-inner\">\n\t\t\t\t<div class=\"elementor-element elementor-element-7f054db elementor-widget elementor-widget-text-editor\" data-id=\"7f054db\" data-element_type=\"widget\" data-e-type=\"widget\" data-widget_type=\"text-editor.default\">\n\t\t\t\t<div class=\"elementor-widget-container\">\n\t\t\t\t\t\t\t\t\t<p style=\"text-align: left;\">El cambio a un equipo de c\u00e9sped el\u00e9ctrico elimina las emisiones contaminantes, la necesidad de combustible y mantenimiento, y los ruidos fuertes que afectan negativamente a usted y a sus vecinos. Nunca m\u00e1s tendr\u00e1 que ir corriendo a la gasolinera para repostar.<\/p>\t\t\t\t\t\t\t\t<\/div>\n\t\t\t\t<\/div>\n\t\t\t\t<div class=\"elementor-element elementor-element-80b8aad elementor-widget elementor-widget-heading\" data-id=\"80b8aad\" data-element_type=\"widget\" data-e-type=\"widget\" data-widget_type=\"heading.default\">\n\t\t\t\t<div class=\"elementor-widget-container\">\n\t\t\t\t\t<h2 class=\"elementor-heading-title elementor-size-default\">Get a 30% discount through 2026!<\/h2>\t\t\t\t<\/div>\n\t\t\t\t<\/div>\n\t\t\t\t<div class=\"elementor-element elementor-element-c5519ef elementor-widget elementor-widget-text-editor\" data-id=\"c5519ef\" data-element_type=\"widget\" data-e-type=\"widget\" data-widget_type=\"text-editor.default\">\n\t\t\t\t<div class=\"elementor-widget-container\">\n\t\t\t\t\t\t\t\t\t<p style=\"text-align: left;\">You can also get a huge discount when you upgrade: Thanks to a new law that went into effect on Jan. 1, 2024, Coloradans can save money and cut air pollution at the same time by enjoying a 30% discount on electric lawn mowers, leaf blowers, trimmers and snow blowers at participating retailers statewide! The Colorado Public Interest Research Group (CoPIRG) compiled a list of participating retailers.<\/p>\t\t\t\t\t\t\t\t<\/div>\n\t\t\t\t<\/div>\n\t\t\t\t<div class=\"elementor-element elementor-element-7fe4d02 elementor-widget elementor-widget-button\" data-id=\"7fe4d02\" data-element_type=\"widget\" data-e-type=\"widget\" data-widget_type=\"button.default\">\n\t\t\t\t<div class=\"elementor-widget-container\">\n\t\t\t\t\t\t\t\t\t<div class=\"elementor-button-wrapper\">\n\t\t\t\t\t<a class=\"elementor-button elementor-button-link elementor-size-sm\" href=\"https:\/\/pirg.org\/colorado\/foundation\/resources\/how-to-unlock-savings-with-colorados-new-electric-lawn-mower-tax-credit\/\" target=\"_blank\">\n\t\t\t\t\t\t<span class=\"elementor-button-content-wrapper\">\n\t\t\t\t\t\t\t\t\t<span class=\"elementor-button-text\">M\u00c1S INFORMACI\u00d3N<\/span>\n\t\t\t\t\t<\/span>\n\t\t\t\t\t<\/a>\n\t\t\t\t<\/div>\n\t\t\t\t\t\t\t\t<\/div>\n\t\t\t\t<\/div>\n\t\t\t\t<div class=\"elementor-element elementor-element-48af903 elementor-widget elementor-widget-heading\" data-id=\"48af903\" data-element_type=\"widget\" data-e-type=\"widget\" data-widget_type=\"heading.default\">\n\t\t\t\t<div class=\"elementor-widget-container\">\n\t\t\t\t\t<h2 class=\"elementor-heading-title elementor-size-default\">Grants and trade-in opportunities<\/h2>\t\t\t\t<\/div>\n\t\t\t\t<\/div>\n\t\t\t\t<div class=\"elementor-element elementor-element-147486e elementor-widget elementor-widget-text-editor\" data-id=\"147486e\" data-element_type=\"widget\" data-e-type=\"widget\" data-widget_type=\"text-editor.default\">\n\t\t\t\t<div class=\"elementor-widget-container\">\n\t\t\t\t\t\t\t\t\t<p style=\"text-align: left;\">\u00bfEs usted una peque\u00f1a empresa o una administraci\u00f3n local que desea electrificar sus equipos? El RAQC ofrece subvenciones a peque\u00f1as empresas para ayudarles a comprar nuevos cortac\u00e9spedes el\u00e9ctricos, recortadoras de l\u00edneas y otros equipos. El RAQC tambi\u00e9n colabora con las administraciones locales de Front Range en eventos de intercambio de cortac\u00e9spedes residenciales, en los que puede entregar su viejo cortac\u00e9sped de gas para obtener un gran descuento en un nuevo modelo el\u00e9ctrico. M\u00e1s informaci\u00f3n en <a href=\"http:\/\/mowdownpollution.org\/\" target=\"_blank\" rel=\"noopener\" data-fpl-component=\"primitive\">SegarLaContaminaci\u00f3n.org<\/a>.\u00a0<\/p><p>\u00a0<\/p>\t\t\t\t\t\t\t\t<\/div>\n\t\t\t\t<\/div>\n\t\t\t\t\t<\/div>\n\t\t\t\t<\/div>\n\t\t\t\t\t<\/div>\n\t\t\t\t<\/div>\n\t\t<div class=\"elementor-element elementor-element-cca1812 e-flex e-con-boxed e-con e-parent\" data-id=\"cca1812\" data-element_type=\"container\" data-e-type=\"container\" data-settings=\"{&quot;background_background&quot;:&quot;classic&quot;,&quot;shape_divider_top&quot;:&quot;triangle-asymmetrical&quot;}\">\n\t\t\t\t\t<div class=\"e-con-inner\">\n\t\t\t\t<div class=\"elementor-shape elementor-shape-top\" aria-hidden=\"true\" data-negative=\"false\">\n\t\t\t<svg xmlns=\"http:\/\/www.w3.org\/2000\/svg\" viewbox=\"0 0 1000 100\" preserveaspectratio=\"none\">\n\t<path class=\"elementor-shape-fill\" d=\"M738,99l262-93V0H0v5.6L738,99z\"\/>\n<\/svg>\t\t<\/div>\n\t\t\t\t\t<\/div>\n\t\t\t\t<\/div>\n\t\t\t\t<section class=\"elementor-section elementor-top-section elementor-element elementor-element-0976222 elementor-reverse-mobile elementor-section-boxed elementor-section-height-default elementor-section-height-default\" data-id=\"0976222\" data-element_type=\"section\" data-e-type=\"section\" data-settings=\"{&quot;background_background&quot;:&quot;classic&quot;}\">\n\t\t\t\t\t\t<div class=\"elementor-container elementor-column-gap-default\">\n\t\t\t\t\t<div class=\"elementor-column elementor-col-50 elementor-top-column elementor-element elementor-element-35a1e2e\" data-id=\"35a1e2e\" data-element_type=\"column\" data-e-type=\"column\">\n\t\t\t<div class=\"elementor-widget-wrap elementor-element-populated\">\n\t\t\t\t\t\t<div class=\"elementor-element elementor-element-260a7fe elementor-widget elementor-widget-heading\" data-id=\"260a7fe\" data-element_type=\"widget\" data-e-type=\"widget\" data-widget_type=\"heading.default\">\n\t\t\t\t<div class=\"elementor-widget-container\">\n\t\t\t\t\t<h2 class=\"elementor-heading-title elementor-size-default\">Saber cu\u00e1ndo es m\u00e1s importante<\/h2>\t\t\t\t<\/div>\n\t\t\t\t<\/div>\n\t\t\t\t<div class=\"elementor-element elementor-element-010b871 elementor-widget-tablet__width-initial elementor-widget elementor-widget-text-editor\" data-id=\"010b871\" data-element_type=\"widget\" data-e-type=\"widget\" data-widget_type=\"text-editor.default\">\n\t\t\t\t<div class=\"elementor-widget-container\">\n\t\t\t\t\t\t\t\t\t<p><span style=\"font-weight: 400;\">Cuando se trata de tomar medidas para mejorar la calidad del aire,<\/span>\u00a1algunos d\u00edas son m\u00e1s importantes que otros! <span style=\"color: #ffffff;\">Suscr\u00edbase a las alertas veraniegas sobre el ozono<\/span>\u00a0para saber cu\u00e1ndo es m\u00e1s importante tomar medidas sencillas para mejorar el aire de su comunidad. <strong>Nuestras oportunas alertas de texto y correo electr\u00f3nico tambi\u00e9n pueden ayudarle a proteger su salud.<\/strong><\/p>\t\t\t\t\t\t\t\t<\/div>\n\t\t\t\t<\/div>\n\t\t\t\t<div class=\"elementor-element elementor-element-5356030 elementor-widget elementor-widget-button\" data-id=\"5356030\" data-element_type=\"widget\" data-e-type=\"widget\" data-widget_type=\"button.default\">\n\t\t\t\t<div class=\"elementor-widget-container\">\n\t\t\t\t\t\t\t\t\t<div class=\"elementor-button-wrapper\">\n\t\t\t\t\t<a class=\"elementor-button elementor-button-link elementor-size-sm\" href=\"https:\/\/simplestepsbetterair.org\/index.php\/sign-up\/\">\n\t\t\t\t\t\t<span class=\"elementor-button-content-wrapper\">\n\t\t\t\t\t\t\t\t\t<span class=\"elementor-button-text\">Inscribirse a las alertas de ozono en verano<\/span>\n\t\t\t\t\t<\/span>\n\t\t\t\t\t<\/a>\n\t\t\t\t<\/div>\n\t\t\t\t\t\t\t\t<\/div>\n\t\t\t\t<\/div>\n\t\t\t\t<div class=\"elementor-element elementor-element-8093966 elementor-widget elementor-widget-spacer\" data-id=\"8093966\" data-element_type=\"widget\" data-e-type=\"widget\" data-widget_type=\"spacer.default\">\n\t\t\t\t<div class=\"elementor-widget-container\">\n\t\t\t\t\t\t\t<div class=\"elementor-spacer\">\n\t\t\t<div class=\"elementor-spacer-inner\"><\/div>\n\t\t<\/div>\n\t\t\t\t\t\t<\/div>\n\t\t\t\t<\/div>\n\t\t\t\t\t<\/div>\n\t\t<\/div>\n\t\t\t\t<div class=\"elementor-column elementor-col-50 elementor-top-column elementor-element elementor-element-62907d9\" data-id=\"62907d9\" data-element_type=\"column\" data-e-type=\"column\">\n\t\t\t<div class=\"elementor-widget-wrap elementor-element-populated\">\n\t\t\t\t\t\t<div class=\"elementor-element elementor-element-e817160 elementor-widget elementor-widget-image\" data-id=\"e817160\" data-element_type=\"widget\" data-e-type=\"widget\" data-widget_type=\"image.default\">\n\t\t\t\t<div class=\"elementor-widget-container\">\n\t\t\t\t\t\t\t\t\t\t\t\t\t\t\t<img decoding=\"async\" width=\"698\" height=\"1010\" src=\"https:\/\/simplestepsbetterair.org\/wp-content\/uploads\/2025\/04\/simple-steps-Ozone-Alert-narrow.webp\" class=\"attachment-full size-full wp-image-1646\" alt=\"\" srcset=\"https:\/\/simplestepsbetterair.org\/wp-content\/uploads\/2025\/04\/simple-steps-Ozone-Alert-narrow.webp 698w, https:\/\/simplestepsbetterair.org\/wp-content\/uploads\/2025\/04\/simple-steps-Ozone-Alert-narrow-207x300.png 207w, https:\/\/simplestepsbetterair.org\/wp-content\/uploads\/2025\/04\/simple-steps-Ozone-Alert-narrow-8x12.png 8w\" sizes=\"(max-width: 698px) 100vw, 698px\" \/>\t\t\t\t\t\t\t\t\t\t\t\t\t\t\t<\/div>\n\t\t\t\t<\/div>\n\t\t\t\t\t<\/div>\n\t\t<\/div>\n\t\t\t\t\t<\/div>\n\t\t<\/section>\n\t\t<div class=\"elementor-element elementor-element-52b249a e-flex e-con-boxed e-con e-parent\" data-id=\"52b249a\" data-element_type=\"container\" data-e-type=\"container\" data-settings=\"{&quot;shape_divider_top&quot;:&quot;triangle-asymmetrical&quot;,&quot;shape_divider_top_negative&quot;:&quot;yes&quot;}\">\n\t\t\t\t\t<div class=\"e-con-inner\">\n\t\t\t\t<div class=\"elementor-shape elementor-shape-top\" aria-hidden=\"true\" data-negative=\"true\">\n\t\t\t<svg xmlns=\"http:\/\/www.w3.org\/2000\/svg\" viewbox=\"0 0 1000 100\" preserveaspectratio=\"none\">\n\t<path class=\"elementor-shape-fill\" d=\"M737.9,94.7L0,0v100h1000V0L737.9,94.7z\"\/>\n<\/svg>\t\t<\/div>\n\t\t\t\t\t<\/div>\n\t\t\t\t<\/div>\n\t\t\t\t<\/div>","protected":false},"excerpt":{"rendered":"<p>Electrify your lawn and garden equipment Using gas-powered lawn equipment creates a large amount of air pollution, water pollution, and noise pollution. It surprises many people to learn that running a gas-powered lawn mower for one hour generates the same emissions as driving a car 350 miles! And running a gas-powered leaf blower for one [&hellip;]<\/p>\n","protected":false},"author":2,"featured_media":2779,"parent":0,"menu_order":0,"comment_status":"closed","ping_status":"closed","template":"","meta":{"_mo_disable_npp":"","footnotes":""},"class_list":["post-2777","page","type-page","status-publish","has-post-thumbnail","hentry"],"yoast_head":"<!-- This site is optimized with the Yoast SEO plugin v27.2 - https:\/\/yoast.com\/product\/yoast-seo-wordpress\/ -->\n<title>Electrify your lawn equipment - Simple Steps. Better Air.<\/title>\n<meta name=\"description\" content=\"Electrify your lawn equipment and get a 30% discount at participating Colorado retailers. Electric mowers, trimmers, and blowers cut pollution, noise, and maintenance.\" \/>\n<meta name=\"robots\" content=\"index, follow, max-snippet:-1, max-image-preview:large, max-video-preview:-1\" \/>\n<link rel=\"canonical\" href=\"https:\/\/simplestepsbetterair.org\/es\/electrify-your-lawn-equipment\/\" \/>\n<meta property=\"og:locale\" content=\"es_MX\" \/>\n<meta property=\"og:type\" content=\"article\" \/>\n<meta property=\"og:title\" content=\"Electrify your lawn equipment - Simple Steps. Better Air.\" \/>\n<meta property=\"og:description\" content=\"Electrify your lawn equipment and get a 30% discount at participating Colorado retailers. Electric mowers, trimmers, and blowers cut pollution, noise, and maintenance.\" \/>\n<meta property=\"og:url\" content=\"https:\/\/simplestepsbetterair.org\/es\/electrify-your-lawn-equipment\/\" \/>\n<meta property=\"og:site_name\" content=\"Simple Steps. Better Air.\" \/>\n<meta property=\"article:modified_time\" content=\"2026-04-11T00:26:54+00:00\" \/>\n<meta property=\"og:image\" content=\"https:\/\/simplestepsbetterair.org\/wp-content\/uploads\/2026\/04\/Electric_Lawnmower.webp\" \/>\n\t<meta property=\"og:image:width\" content=\"722\" \/>\n\t<meta property=\"og:image:height\" content=\"674\" \/>\n\t<meta property=\"og:image:type\" content=\"image\/webp\" \/>\n<meta name=\"twitter:card\" content=\"summary_large_image\" \/>\n<meta name=\"twitter:label1\" content=\"Tiempo de lectura\" \/>\n\t<meta name=\"twitter:data1\" content=\"3 minutos\" \/>\n<script type=\"application\/ld+json\" class=\"yoast-schema-graph\">{\"@context\":\"https:\/\/schema.org\",\"@graph\":[{\"@type\":\"WebPage\",\"@id\":\"https:\/\/simplestepsbetterair.org\/electrify-your-lawn-equipment\/\",\"url\":\"https:\/\/simplestepsbetterair.org\/electrify-your-lawn-equipment\/\",\"name\":\"Electrify your lawn equipment - Simple Steps. Better Air.\",\"isPartOf\":{\"@id\":\"https:\/\/simplestepsbetterair.org\/#website\"},\"primaryImageOfPage\":{\"@id\":\"https:\/\/simplestepsbetterair.org\/electrify-your-lawn-equipment\/#primaryimage\"},\"image\":{\"@id\":\"https:\/\/simplestepsbetterair.org\/electrify-your-lawn-equipment\/#primaryimage\"},\"thumbnailUrl\":\"https:\/\/simplestepsbetterair.org\/wp-content\/uploads\/2026\/04\/Electric_Lawnmower.webp\",\"datePublished\":\"2026-04-09T01:09:31+00:00\",\"dateModified\":\"2026-04-11T00:26:54+00:00\",\"description\":\"Electrify your lawn equipment and get a 30% discount at participating Colorado retailers. Electric mowers, trimmers, and blowers cut pollution, noise, and maintenance.\",\"breadcrumb\":{\"@id\":\"https:\/\/simplestepsbetterair.org\/electrify-your-lawn-equipment\/#breadcrumb\"},\"inLanguage\":\"es\",\"potentialAction\":[{\"@type\":\"ReadAction\",\"target\":[\"https:\/\/simplestepsbetterair.org\/electrify-your-lawn-equipment\/\"]}]},{\"@type\":\"ImageObject\",\"inLanguage\":\"es\",\"@id\":\"https:\/\/simplestepsbetterair.org\/electrify-your-lawn-equipment\/#primaryimage\",\"url\":\"https:\/\/simplestepsbetterair.org\/wp-content\/uploads\/2026\/04\/Electric_Lawnmower.webp\",\"contentUrl\":\"https:\/\/simplestepsbetterair.org\/wp-content\/uploads\/2026\/04\/Electric_Lawnmower.webp\",\"width\":722,\"height\":674,\"caption\":\"Illustration of a man mowing his lawn with electric lawn and garden equipment, featuring a battery-powered mower with a lightning bolt symbol\"},{\"@type\":\"BreadcrumbList\",\"@id\":\"https:\/\/simplestepsbetterair.org\/electrify-your-lawn-equipment\/#breadcrumb\",\"itemListElement\":[{\"@type\":\"ListItem\",\"position\":1,\"name\":\"Home\",\"item\":\"https:\/\/simplestepsbetterair.org\/\"},{\"@type\":\"ListItem\",\"position\":2,\"name\":\"Electrify your lawn equipment\"}]},{\"@type\":\"WebSite\",\"@id\":\"https:\/\/simplestepsbetterair.org\/#website\",\"url\":\"https:\/\/simplestepsbetterair.org\/\",\"name\":\"Simple Steps. Better Air.\",\"description\":\"Simple Steps. Better Air. is a program of the Regional Air Quality Council (RAQC), the lead air quality planning organization for the nine-county Denver Metro\/North Front Range Ozone Nonattainment Area.\",\"publisher\":{\"@id\":\"https:\/\/simplestepsbetterair.org\/#organization\"},\"potentialAction\":[{\"@type\":\"SearchAction\",\"target\":{\"@type\":\"EntryPoint\",\"urlTemplate\":\"https:\/\/simplestepsbetterair.org\/?s={search_term_string}\"},\"query-input\":{\"@type\":\"PropertyValueSpecification\",\"valueRequired\":true,\"valueName\":\"search_term_string\"}}],\"inLanguage\":\"es\"},{\"@type\":\"Organization\",\"@id\":\"https:\/\/simplestepsbetterair.org\/#organization\",\"name\":\"Simple Steps. Better Air.\",\"url\":\"https:\/\/simplestepsbetterair.org\/\",\"logo\":{\"@type\":\"ImageObject\",\"inLanguage\":\"es\",\"@id\":\"https:\/\/simplestepsbetterair.org\/#\/schema\/logo\/image\/\",\"url\":\"https:\/\/simplestepsbetterair.org\/wp-content\/uploads\/2025\/02\/SSBA-main-logo.webp\",\"contentUrl\":\"https:\/\/simplestepsbetterair.org\/wp-content\/uploads\/2025\/02\/SSBA-main-logo.webp\",\"width\":888,\"height\":446,\"caption\":\"Simple Steps. Better Air.\"},\"image\":{\"@id\":\"https:\/\/simplestepsbetterair.org\/#\/schema\/logo\/image\/\"}}]}<\/script>\n<!-- \/ Yoast SEO plugin. -->","yoast_head_json":{"title":"Electrify your lawn equipment - Simple Steps. Better Air.","description":"Electrify your lawn equipment and get a 30% discount at participating Colorado retailers. Electric mowers, trimmers, and blowers cut pollution, noise, and maintenance.","robots":{"index":"index","follow":"follow","max-snippet":"max-snippet:-1","max-image-preview":"max-image-preview:large","max-video-preview":"max-video-preview:-1"},"canonical":"https:\/\/simplestepsbetterair.org\/es\/electrify-your-lawn-equipment\/","og_locale":"es_MX","og_type":"article","og_title":"Electrify your lawn equipment - Simple Steps. Better Air.","og_description":"Electrify your lawn equipment and get a 30% discount at participating Colorado retailers. Electric mowers, trimmers, and blowers cut pollution, noise, and maintenance.","og_url":"https:\/\/simplestepsbetterair.org\/es\/electrify-your-lawn-equipment\/","og_site_name":"Simple Steps. Better Air.","article_modified_time":"2026-04-11T00:26:54+00:00","og_image":[{"width":722,"height":674,"url":"https:\/\/simplestepsbetterair.org\/wp-content\/uploads\/2026\/04\/Electric_Lawnmower.webp","type":"image\/webp"}],"twitter_card":"summary_large_image","twitter_misc":{"Tiempo de lectura":"3 minutos"},"schema":{"@context":"https:\/\/schema.org","@graph":[{"@type":"WebPage","@id":"https:\/\/simplestepsbetterair.org\/electrify-your-lawn-equipment\/","url":"https:\/\/simplestepsbetterair.org\/electrify-your-lawn-equipment\/","name":"Electrify your lawn equipment - Simple Steps. Better Air.","isPartOf":{"@id":"https:\/\/simplestepsbetterair.org\/#website"},"primaryImageOfPage":{"@id":"https:\/\/simplestepsbetterair.org\/electrify-your-lawn-equipment\/#primaryimage"},"image":{"@id":"https:\/\/simplestepsbetterair.org\/electrify-your-lawn-equipment\/#primaryimage"},"thumbnailUrl":"https:\/\/simplestepsbetterair.org\/wp-content\/uploads\/2026\/04\/Electric_Lawnmower.webp","datePublished":"2026-04-09T01:09:31+00:00","dateModified":"2026-04-11T00:26:54+00:00","description":"Electrify your lawn equipment and get a 30% discount at participating Colorado retailers. Electric mowers, trimmers, and blowers cut pollution, noise, and maintenance.","breadcrumb":{"@id":"https:\/\/simplestepsbetterair.org\/electrify-your-lawn-equipment\/#breadcrumb"},"inLanguage":"es","potentialAction":[{"@type":"ReadAction","target":["https:\/\/simplestepsbetterair.org\/electrify-your-lawn-equipment\/"]}]},{"@type":"ImageObject","inLanguage":"es","@id":"https:\/\/simplestepsbetterair.org\/electrify-your-lawn-equipment\/#primaryimage","url":"https:\/\/simplestepsbetterair.org\/wp-content\/uploads\/2026\/04\/Electric_Lawnmower.webp","contentUrl":"https:\/\/simplestepsbetterair.org\/wp-content\/uploads\/2026\/04\/Electric_Lawnmower.webp","width":722,"height":674,"caption":"Illustration of a man mowing his lawn with electric lawn and garden equipment, featuring a battery-powered mower with a lightning bolt symbol"},{"@type":"BreadcrumbList","@id":"https:\/\/simplestepsbetterair.org\/electrify-your-lawn-equipment\/#breadcrumb","itemListElement":[{"@type":"ListItem","position":1,"name":"Home","item":"https:\/\/simplestepsbetterair.org\/"},{"@type":"ListItem","position":2,"name":"Electrify your lawn equipment"}]},{"@type":"WebSite","@id":"https:\/\/simplestepsbetterair.org\/#website","url":"https:\/\/simplestepsbetterair.org\/","name":"Pasos sencillos. Aire mejor.","description":"Pasos sencillos. Better Air. es un programa del Consejo Regional de Calidad del Aire (RAQC), la principal organizaci\u00f3n de planificaci\u00f3n de la calidad del aire de los nueve condados de Denver Metro\/North Front Range Nonattainment Ozone Area.","publisher":{"@id":"https:\/\/simplestepsbetterair.org\/#organization"},"potentialAction":[{"@type":"SearchAction","target":{"@type":"EntryPoint","urlTemplate":"https:\/\/simplestepsbetterair.org\/?s={search_term_string}"},"query-input":{"@type":"PropertyValueSpecification","valueRequired":true,"valueName":"search_term_string"}}],"inLanguage":"es"},{"@type":"Organization","@id":"https:\/\/simplestepsbetterair.org\/#organization","name":"Pasos sencillos. Aire mejor.","url":"https:\/\/simplestepsbetterair.org\/","logo":{"@type":"ImageObject","inLanguage":"es","@id":"https:\/\/simplestepsbetterair.org\/#\/schema\/logo\/image\/","url":"https:\/\/simplestepsbetterair.org\/wp-content\/uploads\/2025\/02\/SSBA-main-logo.webp","contentUrl":"https:\/\/simplestepsbetterair.org\/wp-content\/uploads\/2025\/02\/SSBA-main-logo.webp","width":888,"height":446,"caption":"Simple Steps. Better Air."},"image":{"@id":"https:\/\/simplestepsbetterair.org\/#\/schema\/logo\/image\/"}}]}},"_links":{"self":[{"href":"https:\/\/simplestepsbetterair.org\/es\/wp-json\/wp\/v2\/pages\/2777","targetHints":{"allow":["GET"]}}],"collection":[{"href":"https:\/\/simplestepsbetterair.org\/es\/wp-json\/wp\/v2\/pages"}],"about":[{"href":"https:\/\/simplestepsbetterair.org\/es\/wp-json\/wp\/v2\/types\/page"}],"author":[{"embeddable":true,"href":"https:\/\/simplestepsbetterair.org\/es\/wp-json\/wp\/v2\/users\/2"}],"replies":[{"embeddable":true,"href":"https:\/\/simplestepsbetterair.org\/es\/wp-json\/wp\/v2\/comments?post=2777"}],"version-history":[{"count":13,"href":"https:\/\/simplestepsbetterair.org\/es\/wp-json\/wp\/v2\/pages\/2777\/revisions"}],"predecessor-version":[{"id":2846,"href":"https:\/\/simplestepsbetterair.org\/es\/wp-json\/wp\/v2\/pages\/2777\/revisions\/2846"}],"wp:featuredmedia":[{"embeddable":true,"href":"https:\/\/simplestepsbetterair.org\/es\/wp-json\/wp\/v2\/media\/2779"}],"wp:attachment":[{"href":"https:\/\/simplestepsbetterair.org\/es\/wp-json\/wp\/v2\/media?parent=2777"}],"curies":[{"name":"wp","href":"https:\/\/api.w.org\/{rel}","templated":true}]}}