{"id":2759,"date":"2026-04-09T00:54:27","date_gmt":"2026-04-09T00:54:27","guid":{"rendered":"https:\/\/simplestepsbetterair.org\/?page_id=2759"},"modified":"2026-04-11T00:24:23","modified_gmt":"2026-04-11T00:24:23","slug":"carpool","status":"publish","type":"page","link":"https:\/\/simplestepsbetterair.org\/es\/carpool\/","title":{"rendered":"Carpool"},"content":{"rendered":"<div data-elementor-type=\"wp-page\" data-elementor-id=\"2759\" class=\"elementor elementor-2759\" data-elementor-post-type=\"page\">\n\t\t\t\t<div class=\"elementor-element elementor-element-1b196b9 e-flex e-con-boxed e-con e-parent\" data-id=\"1b196b9\" data-element_type=\"container\" data-e-type=\"container\">\n\t\t\t\t\t<div class=\"e-con-inner\">\n\t\t<div class=\"elementor-element elementor-element-f623c65 e-con-full e-flex e-con e-child\" data-id=\"f623c65\" data-element_type=\"container\" data-e-type=\"container\">\n\t\t\t\t<div class=\"elementor-element elementor-element-ca040be elementor-widget elementor-widget-heading\" data-id=\"ca040be\" data-element_type=\"widget\" data-e-type=\"widget\" data-widget_type=\"heading.default\">\n\t\t\t\t<div class=\"elementor-widget-container\">\n\t\t\t\t\t<h1 class=\"elementor-heading-title elementor-size-default\">Compartir coche y combinar viajes<\/h1>\t\t\t\t<\/div>\n\t\t\t\t<\/div>\n\t\t\t\t<div class=\"elementor-element elementor-element-8a8f06b elementor-widget elementor-widget-text-editor\" data-id=\"8a8f06b\" data-element_type=\"widget\" data-e-type=\"widget\" data-widget_type=\"text-editor.default\">\n\t\t\t\t<div class=\"elementor-widget-container\">\n\t\t\t\t\t\t\t\t\t<p style=\"text-align: left;\">\u00bfSe re\u00fane o va a alg\u00fan sitio con la familia y los amigos? Considera la posibilidad de compartir coche. No s\u00f3lo ayuda a reducir el tr\u00e1fico, sino tambi\u00e9n la contaminaci\u00f3n atmosf\u00e9rica y le permite pasar m\u00e1s tiempo de calidad con sus amigos, vecinos y compa\u00f1eros de trabajo.\u00a0<\/p><p>\u00bfNecesitas ir corriendo a la tienda? Adopta un enfoque de \"mientras estoy fuera\" para combinar eficazmente los viajes en coche, y podr\u00e1s tener un impacto dr\u00e1stico en nuestro aire. Tambi\u00e9n puedes elegir un d\u00eda a la semana para ir de compras y hacer recados.\u00a0<\/p>\t\t\t\t\t\t\t\t<\/div>\n\t\t\t\t<\/div>\n\t\t\t\t<\/div>\n\t\t<div class=\"elementor-element elementor-element-8abba49 e-con-full e-flex e-con e-child\" data-id=\"8abba49\" data-element_type=\"container\" data-e-type=\"container\">\n\t\t\t\t<div class=\"elementor-element elementor-element-49457b9 elementor-widget elementor-widget-image\" data-id=\"49457b9\" data-element_type=\"widget\" data-e-type=\"widget\" data-widget_type=\"image.default\">\n\t\t\t\t<div class=\"elementor-widget-container\">\n\t\t\t\t\t\t\t\t\t\t\t\t\t\t\t<img fetchpriority=\"high\" decoding=\"async\" width=\"800\" height=\"673\" src=\"https:\/\/simplestepsbetterair.org\/wp-content\/uploads\/2026\/04\/Carpool-1024x862.webp\" class=\"attachment-large size-large wp-image-2761\" alt=\"Illustration of four friends sharing a carpool ride together, chatting and holding coffee while driving through a neighborhood\" srcset=\"https:\/\/simplestepsbetterair.org\/wp-content\/uploads\/2026\/04\/Carpool-1024x862.webp 1024w, https:\/\/simplestepsbetterair.org\/wp-content\/uploads\/2026\/04\/Carpool-300x253.webp 300w, https:\/\/simplestepsbetterair.org\/wp-content\/uploads\/2026\/04\/Carpool-768x647.webp 768w, https:\/\/simplestepsbetterair.org\/wp-content\/uploads\/2026\/04\/Carpool-1536x1294.webp 1536w, https:\/\/simplestepsbetterair.org\/wp-content\/uploads\/2026\/04\/Carpool-14x12.webp 14w, https:\/\/simplestepsbetterair.org\/wp-content\/uploads\/2026\/04\/Carpool.webp 1794w\" sizes=\"(max-width: 800px) 100vw, 800px\" \/>\t\t\t\t\t\t\t\t\t\t\t\t\t\t\t<\/div>\n\t\t\t\t<\/div>\n\t\t\t\t<\/div>\n\t\t\t\t\t<\/div>\n\t\t\t\t<\/div>\n\t\t<div class=\"elementor-element elementor-element-ed63695 e-flex e-con-boxed e-con e-parent\" data-id=\"ed63695\" data-element_type=\"container\" data-e-type=\"container\">\n\t\t\t\t\t<div class=\"e-con-inner\">\n\t\t<div class=\"elementor-element elementor-element-0af4c3a e-flex e-con-boxed e-con e-child\" data-id=\"0af4c3a\" data-element_type=\"container\" data-e-type=\"container\">\n\t\t\t\t\t<div class=\"e-con-inner\">\n\t\t\t\t<div class=\"elementor-element elementor-element-567f417 elementor-widget elementor-widget-text-editor\" data-id=\"567f417\" data-element_type=\"widget\" data-e-type=\"widget\" data-widget_type=\"text-editor.default\">\n\t\t\t\t<div class=\"elementor-widget-container\">\n\t\t\t\t\t\t\t\t\t<p style=\"text-align: left;\">\u00bfCompras por Internet? Cuando pida un env\u00edo a domicilio, solicite un env\u00edo agrupado para ahorrarse viajes. Y en verano, pide que te lo env\u00eden despu\u00e9s de las 5 de la tarde siempre que sea posible.<\/p>\t\t\t\t\t\t\t\t<\/div>\n\t\t\t\t<\/div>\n\t\t\t\t<div class=\"elementor-element elementor-element-836c76d elementor-widget elementor-widget-heading\" data-id=\"836c76d\" data-element_type=\"widget\" data-e-type=\"widget\" data-widget_type=\"heading.default\">\n\t\t\t\t<div class=\"elementor-widget-container\">\n\t\t\t\t\t<h2 class=\"elementor-heading-title elementor-size-default\">Commuting with coworkers<\/h2>\t\t\t\t<\/div>\n\t\t\t\t<\/div>\n\t\t\t\t<div class=\"elementor-element elementor-element-ca6268f elementor-widget elementor-widget-text-editor\" data-id=\"ca6268f\" data-element_type=\"widget\" data-e-type=\"widget\" data-widget_type=\"text-editor.default\">\n\t\t\t\t<div class=\"elementor-widget-container\">\n\t\t\t\t\t\t\t\t\t<p>Several programs in the Colorado Front Range can help you save on gas and time, by carpooling or &#8220;vanpooling&#8221; on your commute.<\/p><p><a href=\"https:\/\/drcog.org\/way-to-go\" target=\"_blank\" rel=\"noopener\" data-fpl-component=\"primitive\">As\u00ed se hace<\/a>\u00a0helps employers \u2014 at no cost \u2014 find the right commute options for their employees, improving morale while reducing traffic congestion and air pollution. Let Way to Go&#8217;s commute consultants help you find a better way to go.<\/p><p><a href=\"https:\/\/nfrmpo.org\/vango\/\" target=\"_blank\" rel=\"noopener\" data-fpl-component=\"primitive\">VanGo\u2122<\/a>\u00a0is the vanpool program of the North Front Range Metropolitan Planning Organization (NFRMPO) with 20 vans serving nearly 100 riders in the Northern Colorado, Longmont, Boulder, Golden, and Denver Metro Area.<\/p><p>More carpool &amp; vanpool options can be found at the\u00a0<a href=\"https:\/\/www.codot.gov\/programs\/innovativemobility\/mobility-services\/tdm\/carpool-program.html\" target=\"_blank\" rel=\"noopener\" data-fpl-component=\"primitive\">Colorado Department of Transportation website<\/a>.<\/p><p>More information on the benefits of vanpool and subsidy options can be found through\u00a0<a href=\"https:\/\/commutingsolutions.org\/commuter-resources\/driving\/vanpool\/\" target=\"_blank\" rel=\"noopener\" data-fpl-component=\"primitive\">Commuting Solutions<\/a>.<\/p>\t\t\t\t\t\t\t\t<\/div>\n\t\t\t\t<\/div>\n\t\t\t\t\t<\/div>\n\t\t\t\t<\/div>\n\t\t\t\t\t<\/div>\n\t\t\t\t<\/div>\n\t\t<div class=\"elementor-element elementor-element-e179f94 e-flex e-con-boxed e-con e-parent\" data-id=\"e179f94\" data-element_type=\"container\" data-e-type=\"container\" data-settings=\"{&quot;background_background&quot;:&quot;classic&quot;,&quot;shape_divider_top&quot;:&quot;triangle-asymmetrical&quot;}\">\n\t\t\t\t\t<div class=\"e-con-inner\">\n\t\t\t\t<div class=\"elementor-shape elementor-shape-top\" aria-hidden=\"true\" data-negative=\"false\">\n\t\t\t<svg xmlns=\"http:\/\/www.w3.org\/2000\/svg\" viewbox=\"0 0 1000 100\" preserveaspectratio=\"none\">\n\t<path class=\"elementor-shape-fill\" d=\"M738,99l262-93V0H0v5.6L738,99z\"\/>\n<\/svg>\t\t<\/div>\n\t\t\t\t\t<\/div>\n\t\t\t\t<\/div>\n\t\t\t\t<section class=\"elementor-section elementor-top-section elementor-element elementor-element-c278a7f elementor-reverse-mobile elementor-section-boxed elementor-section-height-default elementor-section-height-default\" data-id=\"c278a7f\" data-element_type=\"section\" data-e-type=\"section\" data-settings=\"{&quot;background_background&quot;:&quot;classic&quot;}\">\n\t\t\t\t\t\t<div class=\"elementor-container elementor-column-gap-default\">\n\t\t\t\t\t<div class=\"elementor-column elementor-col-50 elementor-top-column elementor-element elementor-element-e19beb7\" data-id=\"e19beb7\" data-element_type=\"column\" data-e-type=\"column\">\n\t\t\t<div class=\"elementor-widget-wrap elementor-element-populated\">\n\t\t\t\t\t\t<div class=\"elementor-element elementor-element-d40cb28 elementor-widget elementor-widget-heading\" data-id=\"d40cb28\" data-element_type=\"widget\" data-e-type=\"widget\" data-widget_type=\"heading.default\">\n\t\t\t\t<div class=\"elementor-widget-container\">\n\t\t\t\t\t<h2 class=\"elementor-heading-title elementor-size-default\">Saber cu\u00e1ndo es m\u00e1s importante<\/h2>\t\t\t\t<\/div>\n\t\t\t\t<\/div>\n\t\t\t\t<div class=\"elementor-element elementor-element-cbd787c elementor-widget-tablet__width-initial elementor-widget elementor-widget-text-editor\" data-id=\"cbd787c\" data-element_type=\"widget\" data-e-type=\"widget\" data-widget_type=\"text-editor.default\">\n\t\t\t\t<div class=\"elementor-widget-container\">\n\t\t\t\t\t\t\t\t\t<p><span style=\"font-weight: 400;\">Cuando se trata de tomar medidas para mejorar la calidad del aire,<\/span>\u00a1algunos d\u00edas son m\u00e1s importantes que otros! <span style=\"color: #ffffff;\">Suscr\u00edbase a las alertas veraniegas sobre el ozono<\/span>\u00a0para saber cu\u00e1ndo es m\u00e1s importante tomar medidas sencillas para mejorar el aire de su comunidad. <strong>Nuestras oportunas alertas de texto y correo electr\u00f3nico tambi\u00e9n pueden ayudarle a proteger su salud.<\/strong><\/p>\t\t\t\t\t\t\t\t<\/div>\n\t\t\t\t<\/div>\n\t\t\t\t<div class=\"elementor-element elementor-element-e4b505d elementor-widget elementor-widget-button\" data-id=\"e4b505d\" data-element_type=\"widget\" data-e-type=\"widget\" data-widget_type=\"button.default\">\n\t\t\t\t<div class=\"elementor-widget-container\">\n\t\t\t\t\t\t\t\t\t<div class=\"elementor-button-wrapper\">\n\t\t\t\t\t<a class=\"elementor-button elementor-button-link elementor-size-sm\" href=\"https:\/\/simplestepsbetterair.org\/index.php\/sign-up\/\">\n\t\t\t\t\t\t<span class=\"elementor-button-content-wrapper\">\n\t\t\t\t\t\t\t\t\t<span class=\"elementor-button-text\">Inscribirse a las alertas de ozono en verano<\/span>\n\t\t\t\t\t<\/span>\n\t\t\t\t\t<\/a>\n\t\t\t\t<\/div>\n\t\t\t\t\t\t\t\t<\/div>\n\t\t\t\t<\/div>\n\t\t\t\t<div class=\"elementor-element elementor-element-5782fd7 elementor-widget elementor-widget-spacer\" data-id=\"5782fd7\" data-element_type=\"widget\" data-e-type=\"widget\" data-widget_type=\"spacer.default\">\n\t\t\t\t<div class=\"elementor-widget-container\">\n\t\t\t\t\t\t\t<div class=\"elementor-spacer\">\n\t\t\t<div class=\"elementor-spacer-inner\"><\/div>\n\t\t<\/div>\n\t\t\t\t\t\t<\/div>\n\t\t\t\t<\/div>\n\t\t\t\t\t<\/div>\n\t\t<\/div>\n\t\t\t\t<div class=\"elementor-column elementor-col-50 elementor-top-column elementor-element elementor-element-74fba5f\" data-id=\"74fba5f\" data-element_type=\"column\" data-e-type=\"column\">\n\t\t\t<div class=\"elementor-widget-wrap elementor-element-populated\">\n\t\t\t\t\t\t<div class=\"elementor-element elementor-element-09f177d elementor-widget elementor-widget-image\" data-id=\"09f177d\" data-element_type=\"widget\" data-e-type=\"widget\" data-widget_type=\"image.default\">\n\t\t\t\t<div class=\"elementor-widget-container\">\n\t\t\t\t\t\t\t\t\t\t\t\t\t\t\t<img decoding=\"async\" width=\"698\" height=\"1010\" src=\"https:\/\/simplestepsbetterair.org\/wp-content\/uploads\/2025\/04\/simple-steps-Ozone-Alert-narrow.webp\" class=\"attachment-full size-full wp-image-1646\" alt=\"\" srcset=\"https:\/\/simplestepsbetterair.org\/wp-content\/uploads\/2025\/04\/simple-steps-Ozone-Alert-narrow.webp 698w, https:\/\/simplestepsbetterair.org\/wp-content\/uploads\/2025\/04\/simple-steps-Ozone-Alert-narrow-207x300.png 207w, https:\/\/simplestepsbetterair.org\/wp-content\/uploads\/2025\/04\/simple-steps-Ozone-Alert-narrow-8x12.png 8w\" sizes=\"(max-width: 698px) 100vw, 698px\" \/>\t\t\t\t\t\t\t\t\t\t\t\t\t\t\t<\/div>\n\t\t\t\t<\/div>\n\t\t\t\t\t<\/div>\n\t\t<\/div>\n\t\t\t\t\t<\/div>\n\t\t<\/section>\n\t\t<div class=\"elementor-element elementor-element-79dbb7a e-flex e-con-boxed e-con e-parent\" data-id=\"79dbb7a\" data-element_type=\"container\" data-e-type=\"container\" data-settings=\"{&quot;shape_divider_top&quot;:&quot;triangle-asymmetrical&quot;,&quot;shape_divider_top_negative&quot;:&quot;yes&quot;}\">\n\t\t\t\t\t<div class=\"e-con-inner\">\n\t\t\t\t<div class=\"elementor-shape elementor-shape-top\" aria-hidden=\"true\" data-negative=\"true\">\n\t\t\t<svg xmlns=\"http:\/\/www.w3.org\/2000\/svg\" viewbox=\"0 0 1000 100\" preserveaspectratio=\"none\">\n\t<path class=\"elementor-shape-fill\" d=\"M737.9,94.7L0,0v100h1000V0L737.9,94.7z\"\/>\n<\/svg>\t\t<\/div>\n\t\t\t\t\t<\/div>\n\t\t\t\t<\/div>\n\t\t\t\t<\/div>","protected":false},"excerpt":{"rendered":"<p>Carpool and combine trips Getting together or going somewhere with family and friends? Consider carpooling! Not only does this help reduce traffic, it cuts down on air pollution, and allows you to spend more quality time with your friends, neighbors, and coworkers.\u00a0 Need to run to the store? Adopt an \u201cwhile I\u2019m out\u201d approach to [&hellip;]<\/p>\n","protected":false},"author":2,"featured_media":2761,"parent":0,"menu_order":0,"comment_status":"closed","ping_status":"closed","template":"","meta":{"_mo_disable_npp":"","footnotes":""},"class_list":["post-2759","page","type-page","status-publish","has-post-thumbnail","hentry"],"yoast_head":"<!-- This site is optimized with the Yoast SEO plugin v27.2 - https:\/\/yoast.com\/product\/yoast-seo-wordpress\/ -->\n<title>Carpool - Simple Steps. Better Air.<\/title>\n<meta name=\"description\" content=\"Carpool with friends, neighbors, or coworkers to cut traffic, reduce emissions, and save money. Combine trips and adopt an &#039;while I&#039;m out&#039; approach for cleaner Colorado air.&quot;\" \/>\n<meta name=\"robots\" content=\"index, follow, max-snippet:-1, max-image-preview:large, max-video-preview:-1\" \/>\n<link rel=\"canonical\" href=\"https:\/\/simplestepsbetterair.org\/es\/carpool\/\" \/>\n<meta property=\"og:locale\" content=\"es_MX\" \/>\n<meta property=\"og:type\" content=\"article\" \/>\n<meta property=\"og:title\" content=\"Carpool - Simple Steps. Better Air.\" \/>\n<meta property=\"og:description\" content=\"Carpool with friends, neighbors, or coworkers to cut traffic, reduce emissions, and save money. Combine trips and adopt an &#039;while I&#039;m out&#039; approach for cleaner Colorado air.&quot;\" \/>\n<meta property=\"og:url\" content=\"https:\/\/simplestepsbetterair.org\/es\/carpool\/\" \/>\n<meta property=\"og:site_name\" content=\"Simple Steps. Better Air.\" \/>\n<meta property=\"article:modified_time\" content=\"2026-04-11T00:24:23+00:00\" \/>\n<meta property=\"og:image\" content=\"https:\/\/simplestepsbetterair.org\/wp-content\/uploads\/2026\/04\/Carpool.webp\" \/>\n\t<meta property=\"og:image:width\" content=\"1794\" \/>\n\t<meta property=\"og:image:height\" content=\"1511\" \/>\n\t<meta property=\"og:image:type\" content=\"image\/webp\" \/>\n<meta name=\"twitter:card\" content=\"summary_large_image\" \/>\n<meta name=\"twitter:label1\" content=\"Tiempo de lectura\" \/>\n\t<meta name=\"twitter:data1\" content=\"2 minutos\" \/>\n<script type=\"application\/ld+json\" class=\"yoast-schema-graph\">{\"@context\":\"https:\/\/schema.org\",\"@graph\":[{\"@type\":\"WebPage\",\"@id\":\"https:\/\/simplestepsbetterair.org\/carpool\/\",\"url\":\"https:\/\/simplestepsbetterair.org\/carpool\/\",\"name\":\"Carpool - Simple Steps. Better Air.\",\"isPartOf\":{\"@id\":\"https:\/\/simplestepsbetterair.org\/#website\"},\"primaryImageOfPage\":{\"@id\":\"https:\/\/simplestepsbetterair.org\/carpool\/#primaryimage\"},\"image\":{\"@id\":\"https:\/\/simplestepsbetterair.org\/carpool\/#primaryimage\"},\"thumbnailUrl\":\"https:\/\/simplestepsbetterair.org\/wp-content\/uploads\/2026\/04\/Carpool.webp\",\"datePublished\":\"2026-04-09T00:54:27+00:00\",\"dateModified\":\"2026-04-11T00:24:23+00:00\",\"description\":\"Carpool with friends, neighbors, or coworkers to cut traffic, reduce emissions, and save money. Combine trips and adopt an 'while I'm out' approach for cleaner Colorado air.\\\"\",\"breadcrumb\":{\"@id\":\"https:\/\/simplestepsbetterair.org\/carpool\/#breadcrumb\"},\"inLanguage\":\"es\",\"potentialAction\":[{\"@type\":\"ReadAction\",\"target\":[\"https:\/\/simplestepsbetterair.org\/carpool\/\"]}]},{\"@type\":\"ImageObject\",\"inLanguage\":\"es\",\"@id\":\"https:\/\/simplestepsbetterair.org\/carpool\/#primaryimage\",\"url\":\"https:\/\/simplestepsbetterair.org\/wp-content\/uploads\/2026\/04\/Carpool.webp\",\"contentUrl\":\"https:\/\/simplestepsbetterair.org\/wp-content\/uploads\/2026\/04\/Carpool.webp\",\"width\":1794,\"height\":1511,\"caption\":\"Illustration of four friends sharing a carpool ride together, chatting and holding coffee while driving through a neighborhood\"},{\"@type\":\"BreadcrumbList\",\"@id\":\"https:\/\/simplestepsbetterair.org\/carpool\/#breadcrumb\",\"itemListElement\":[{\"@type\":\"ListItem\",\"position\":1,\"name\":\"Home\",\"item\":\"https:\/\/simplestepsbetterair.org\/\"},{\"@type\":\"ListItem\",\"position\":2,\"name\":\"Carpool\"}]},{\"@type\":\"WebSite\",\"@id\":\"https:\/\/simplestepsbetterair.org\/#website\",\"url\":\"https:\/\/simplestepsbetterair.org\/\",\"name\":\"Simple Steps. Better Air.\",\"description\":\"Simple Steps. Better Air. is a program of the Regional Air Quality Council (RAQC), the lead air quality planning organization for the nine-county Denver Metro\/North Front Range Ozone Nonattainment Area.\",\"publisher\":{\"@id\":\"https:\/\/simplestepsbetterair.org\/#organization\"},\"potentialAction\":[{\"@type\":\"SearchAction\",\"target\":{\"@type\":\"EntryPoint\",\"urlTemplate\":\"https:\/\/simplestepsbetterair.org\/?s={search_term_string}\"},\"query-input\":{\"@type\":\"PropertyValueSpecification\",\"valueRequired\":true,\"valueName\":\"search_term_string\"}}],\"inLanguage\":\"es\"},{\"@type\":\"Organization\",\"@id\":\"https:\/\/simplestepsbetterair.org\/#organization\",\"name\":\"Simple Steps. Better Air.\",\"url\":\"https:\/\/simplestepsbetterair.org\/\",\"logo\":{\"@type\":\"ImageObject\",\"inLanguage\":\"es\",\"@id\":\"https:\/\/simplestepsbetterair.org\/#\/schema\/logo\/image\/\",\"url\":\"https:\/\/simplestepsbetterair.org\/wp-content\/uploads\/2025\/02\/SSBA-main-logo.webp\",\"contentUrl\":\"https:\/\/simplestepsbetterair.org\/wp-content\/uploads\/2025\/02\/SSBA-main-logo.webp\",\"width\":888,\"height\":446,\"caption\":\"Simple Steps. Better Air.\"},\"image\":{\"@id\":\"https:\/\/simplestepsbetterair.org\/#\/schema\/logo\/image\/\"}}]}<\/script>\n<!-- \/ Yoast SEO plugin. -->","yoast_head_json":{"title":"Carpool - Simple Steps. Better Air.","description":"Carpool with friends, neighbors, or coworkers to cut traffic, reduce emissions, and save money. Combine trips and adopt an 'while I'm out' approach for cleaner Colorado air.\"","robots":{"index":"index","follow":"follow","max-snippet":"max-snippet:-1","max-image-preview":"max-image-preview:large","max-video-preview":"max-video-preview:-1"},"canonical":"https:\/\/simplestepsbetterair.org\/es\/carpool\/","og_locale":"es_MX","og_type":"article","og_title":"Carpool - Simple Steps. Better Air.","og_description":"Carpool with friends, neighbors, or coworkers to cut traffic, reduce emissions, and save money. Combine trips and adopt an 'while I'm out' approach for cleaner Colorado air.\"","og_url":"https:\/\/simplestepsbetterair.org\/es\/carpool\/","og_site_name":"Simple Steps. Better Air.","article_modified_time":"2026-04-11T00:24:23+00:00","og_image":[{"width":1794,"height":1511,"url":"https:\/\/simplestepsbetterair.org\/wp-content\/uploads\/2026\/04\/Carpool.webp","type":"image\/webp"}],"twitter_card":"summary_large_image","twitter_misc":{"Tiempo de lectura":"2 minutos"},"schema":{"@context":"https:\/\/schema.org","@graph":[{"@type":"WebPage","@id":"https:\/\/simplestepsbetterair.org\/carpool\/","url":"https:\/\/simplestepsbetterair.org\/carpool\/","name":"Carpool - Simple Steps. Better Air.","isPartOf":{"@id":"https:\/\/simplestepsbetterair.org\/#website"},"primaryImageOfPage":{"@id":"https:\/\/simplestepsbetterair.org\/carpool\/#primaryimage"},"image":{"@id":"https:\/\/simplestepsbetterair.org\/carpool\/#primaryimage"},"thumbnailUrl":"https:\/\/simplestepsbetterair.org\/wp-content\/uploads\/2026\/04\/Carpool.webp","datePublished":"2026-04-09T00:54:27+00:00","dateModified":"2026-04-11T00:24:23+00:00","description":"Carpool with friends, neighbors, or coworkers to cut traffic, reduce emissions, and save money. Combine trips and adopt an 'while I'm out' approach for cleaner Colorado air.\"","breadcrumb":{"@id":"https:\/\/simplestepsbetterair.org\/carpool\/#breadcrumb"},"inLanguage":"es","potentialAction":[{"@type":"ReadAction","target":["https:\/\/simplestepsbetterair.org\/carpool\/"]}]},{"@type":"ImageObject","inLanguage":"es","@id":"https:\/\/simplestepsbetterair.org\/carpool\/#primaryimage","url":"https:\/\/simplestepsbetterair.org\/wp-content\/uploads\/2026\/04\/Carpool.webp","contentUrl":"https:\/\/simplestepsbetterair.org\/wp-content\/uploads\/2026\/04\/Carpool.webp","width":1794,"height":1511,"caption":"Illustration of four friends sharing a carpool ride together, chatting and holding coffee while driving through a neighborhood"},{"@type":"BreadcrumbList","@id":"https:\/\/simplestepsbetterair.org\/carpool\/#breadcrumb","itemListElement":[{"@type":"ListItem","position":1,"name":"Home","item":"https:\/\/simplestepsbetterair.org\/"},{"@type":"ListItem","position":2,"name":"Carpool"}]},{"@type":"WebSite","@id":"https:\/\/simplestepsbetterair.org\/#website","url":"https:\/\/simplestepsbetterair.org\/","name":"Pasos sencillos. Aire mejor.","description":"Pasos sencillos. Better Air. es un programa del Consejo Regional de Calidad del Aire (RAQC), la principal organizaci\u00f3n de planificaci\u00f3n de la calidad del aire de los nueve condados de Denver Metro\/North Front Range Nonattainment Ozone Area.","publisher":{"@id":"https:\/\/simplestepsbetterair.org\/#organization"},"potentialAction":[{"@type":"SearchAction","target":{"@type":"EntryPoint","urlTemplate":"https:\/\/simplestepsbetterair.org\/?s={search_term_string}"},"query-input":{"@type":"PropertyValueSpecification","valueRequired":true,"valueName":"search_term_string"}}],"inLanguage":"es"},{"@type":"Organization","@id":"https:\/\/simplestepsbetterair.org\/#organization","name":"Pasos sencillos. Aire mejor.","url":"https:\/\/simplestepsbetterair.org\/","logo":{"@type":"ImageObject","inLanguage":"es","@id":"https:\/\/simplestepsbetterair.org\/#\/schema\/logo\/image\/","url":"https:\/\/simplestepsbetterair.org\/wp-content\/uploads\/2025\/02\/SSBA-main-logo.webp","contentUrl":"https:\/\/simplestepsbetterair.org\/wp-content\/uploads\/2025\/02\/SSBA-main-logo.webp","width":888,"height":446,"caption":"Simple Steps. Better Air."},"image":{"@id":"https:\/\/simplestepsbetterair.org\/#\/schema\/logo\/image\/"}}]}},"_links":{"self":[{"href":"https:\/\/simplestepsbetterair.org\/es\/wp-json\/wp\/v2\/pages\/2759","targetHints":{"allow":["GET"]}}],"collection":[{"href":"https:\/\/simplestepsbetterair.org\/es\/wp-json\/wp\/v2\/pages"}],"about":[{"href":"https:\/\/simplestepsbetterair.org\/es\/wp-json\/wp\/v2\/types\/page"}],"author":[{"embeddable":true,"href":"https:\/\/simplestepsbetterair.org\/es\/wp-json\/wp\/v2\/users\/2"}],"replies":[{"embeddable":true,"href":"https:\/\/simplestepsbetterair.org\/es\/wp-json\/wp\/v2\/comments?post=2759"}],"version-history":[{"count":10,"href":"https:\/\/simplestepsbetterair.org\/es\/wp-json\/wp\/v2\/pages\/2759\/revisions"}],"predecessor-version":[{"id":2806,"href":"https:\/\/simplestepsbetterair.org\/es\/wp-json\/wp\/v2\/pages\/2759\/revisions\/2806"}],"wp:featuredmedia":[{"embeddable":true,"href":"https:\/\/simplestepsbetterair.org\/es\/wp-json\/wp\/v2\/media\/2761"}],"wp:attachment":[{"href":"https:\/\/simplestepsbetterair.org\/es\/wp-json\/wp\/v2\/media?parent=2759"}],"curies":[{"name":"wp","href":"https:\/\/api.w.org\/{rel}","templated":true}]}}