{"id":2743,"date":"2026-04-09T00:45:07","date_gmt":"2026-04-09T00:45:07","guid":{"rendered":"https:\/\/simplestepsbetterair.org\/?page_id=2743"},"modified":"2026-04-11T00:36:11","modified_gmt":"2026-04-11T00:36:11","slug":"work-from-home","status":"publish","type":"page","link":"https:\/\/simplestepsbetterair.org\/es\/work-from-home\/","title":{"rendered":"Trabajar desde casa"},"content":{"rendered":"<div data-elementor-type=\"wp-page\" data-elementor-id=\"2743\" class=\"elementor elementor-2743\" data-elementor-post-type=\"page\">\n\t\t\t\t<div class=\"elementor-element elementor-element-40df48d e-flex e-con-boxed e-con e-parent\" data-id=\"40df48d\" data-element_type=\"container\" data-e-type=\"container\">\n\t\t\t\t\t<div class=\"e-con-inner\">\n\t\t<div class=\"elementor-element elementor-element-9b73ccb e-con-full e-flex e-con e-child\" data-id=\"9b73ccb\" data-element_type=\"container\" data-e-type=\"container\">\n\t\t\t\t<div class=\"elementor-element elementor-element-369b05d elementor-widget elementor-widget-heading\" data-id=\"369b05d\" data-element_type=\"widget\" data-e-type=\"widget\" data-widget_type=\"heading.default\">\n\t\t\t\t<div class=\"elementor-widget-container\">\n\t\t\t\t\t<h1 class=\"elementor-heading-title elementor-size-default\">Trabajar desde casa<\/h1>\t\t\t\t<\/div>\n\t\t\t\t<\/div>\n\t\t\t\t<div class=\"elementor-element elementor-element-0a4d375 elementor-widget elementor-widget-text-editor\" data-id=\"0a4d375\" data-element_type=\"widget\" data-e-type=\"widget\" data-widget_type=\"text-editor.default\">\n\t\t\t\t<div class=\"elementor-widget-container\">\n\t\t\t\t\t\t\t\t\t<p style=\"text-align: left;\">Fomentamos el trabajo remoto e h\u00edbrido, ya que trabajar desde casa al menos un d\u00eda a la semana es una de las formas m\u00e1s f\u00e1ciles de mejorar la calidad del aire. Reduce los desplazamientos, la congesti\u00f3n del tr\u00e1fico y las emisiones de los veh\u00edculos.\u00a0<br \/><br \/>\u00bfQuiere salir de casa? Trabajar a distancia y localmente de forma que se reduzcan o eliminen los desplazamientos -como trabajar desde su cafeter\u00eda cercana favorita- proporciona los mismos beneficios para la calidad del aire.<\/p>\t\t\t\t\t\t\t\t<\/div>\n\t\t\t\t<\/div>\n\t\t\t\t<\/div>\n\t\t<div class=\"elementor-element elementor-element-bb9434b e-con-full e-flex e-con e-child\" data-id=\"bb9434b\" data-element_type=\"container\" data-e-type=\"container\">\n\t\t\t\t<div class=\"elementor-element elementor-element-fc216f2 elementor-widget elementor-widget-image\" data-id=\"fc216f2\" data-element_type=\"widget\" data-e-type=\"widget\" data-widget_type=\"image.default\">\n\t\t\t\t<div class=\"elementor-widget-container\">\n\t\t\t\t\t\t\t\t\t\t\t\t\t\t\t<img fetchpriority=\"high\" decoding=\"async\" width=\"800\" height=\"790\" src=\"https:\/\/simplestepsbetterair.org\/wp-content\/uploads\/2026\/04\/Work-From-Home-1024x1011.webp\" class=\"attachment-large size-large wp-image-2696\" alt=\"Illustration of a woman using a laptop to work from home at her desk, surrounded by houseplants with a sunny city view through the window\" srcset=\"https:\/\/simplestepsbetterair.org\/wp-content\/uploads\/2026\/04\/Work-From-Home-1024x1011.webp 1024w, https:\/\/simplestepsbetterair.org\/wp-content\/uploads\/2026\/04\/Work-From-Home-300x296.webp 300w, https:\/\/simplestepsbetterair.org\/wp-content\/uploads\/2026\/04\/Work-From-Home-768x758.webp 768w, https:\/\/simplestepsbetterair.org\/wp-content\/uploads\/2026\/04\/Work-From-Home-12x12.webp 12w, https:\/\/simplestepsbetterair.org\/wp-content\/uploads\/2026\/04\/Work-From-Home.webp 1424w\" sizes=\"(max-width: 800px) 100vw, 800px\" \/>\t\t\t\t\t\t\t\t\t\t\t\t\t\t\t<\/div>\n\t\t\t\t<\/div>\n\t\t\t\t<\/div>\n\t\t\t\t\t<\/div>\n\t\t\t\t<\/div>\n\t\t<div class=\"elementor-element elementor-element-dc6d5ef e-flex e-con-boxed e-con e-parent\" data-id=\"dc6d5ef\" data-element_type=\"container\" data-e-type=\"container\" data-settings=\"{&quot;background_background&quot;:&quot;classic&quot;,&quot;shape_divider_top&quot;:&quot;triangle-asymmetrical&quot;}\">\n\t\t\t\t\t<div class=\"e-con-inner\">\n\t\t\t\t<div class=\"elementor-shape elementor-shape-top\" aria-hidden=\"true\" data-negative=\"false\">\n\t\t\t<svg xmlns=\"http:\/\/www.w3.org\/2000\/svg\" viewbox=\"0 0 1000 100\" preserveaspectratio=\"none\">\n\t<path class=\"elementor-shape-fill\" d=\"M738,99l262-93V0H0v5.6L738,99z\"\/>\n<\/svg>\t\t<\/div>\n\t\t\t\t\t<\/div>\n\t\t\t\t<\/div>\n\t\t\t\t<section class=\"elementor-section elementor-top-section elementor-element elementor-element-864fc68 elementor-reverse-mobile elementor-section-boxed elementor-section-height-default elementor-section-height-default\" data-id=\"864fc68\" data-element_type=\"section\" data-e-type=\"section\" data-settings=\"{&quot;background_background&quot;:&quot;classic&quot;}\">\n\t\t\t\t\t\t<div class=\"elementor-container elementor-column-gap-default\">\n\t\t\t\t\t<div class=\"elementor-column elementor-col-50 elementor-top-column elementor-element elementor-element-1def4b8\" data-id=\"1def4b8\" data-element_type=\"column\" data-e-type=\"column\">\n\t\t\t<div class=\"elementor-widget-wrap elementor-element-populated\">\n\t\t\t\t\t\t<div class=\"elementor-element elementor-element-e952a0d elementor-widget elementor-widget-heading\" data-id=\"e952a0d\" data-element_type=\"widget\" data-e-type=\"widget\" data-widget_type=\"heading.default\">\n\t\t\t\t<div class=\"elementor-widget-container\">\n\t\t\t\t\t<h2 class=\"elementor-heading-title elementor-size-default\">Saber cu\u00e1ndo es m\u00e1s importante<\/h2>\t\t\t\t<\/div>\n\t\t\t\t<\/div>\n\t\t\t\t<div class=\"elementor-element elementor-element-e2c6eb2 elementor-widget-tablet__width-initial elementor-widget elementor-widget-text-editor\" data-id=\"e2c6eb2\" data-element_type=\"widget\" data-e-type=\"widget\" data-widget_type=\"text-editor.default\">\n\t\t\t\t<div class=\"elementor-widget-container\">\n\t\t\t\t\t\t\t\t\t<p><span style=\"font-weight: 400;\">Cuando se trata de tomar medidas para mejorar la calidad del aire,<\/span>\u00a1algunos d\u00edas son m\u00e1s importantes que otros! <span style=\"color: #ffffff;\">Suscr\u00edbase a las alertas veraniegas sobre el ozono<\/span>\u00a0para saber cu\u00e1ndo es m\u00e1s importante tomar medidas sencillas para mejorar el aire de su comunidad. <strong>Nuestras oportunas alertas de texto y correo electr\u00f3nico tambi\u00e9n pueden ayudarle a proteger su salud.<\/strong><\/p>\t\t\t\t\t\t\t\t<\/div>\n\t\t\t\t<\/div>\n\t\t\t\t<div class=\"elementor-element elementor-element-5e9b76a elementor-widget elementor-widget-button\" data-id=\"5e9b76a\" data-element_type=\"widget\" data-e-type=\"widget\" data-widget_type=\"button.default\">\n\t\t\t\t<div class=\"elementor-widget-container\">\n\t\t\t\t\t\t\t\t\t<div class=\"elementor-button-wrapper\">\n\t\t\t\t\t<a class=\"elementor-button elementor-button-link elementor-size-sm\" href=\"https:\/\/simplestepsbetterair.org\/index.php\/sign-up\/\">\n\t\t\t\t\t\t<span class=\"elementor-button-content-wrapper\">\n\t\t\t\t\t\t\t\t\t<span class=\"elementor-button-text\">Inscribirse a las alertas de ozono en verano<\/span>\n\t\t\t\t\t<\/span>\n\t\t\t\t\t<\/a>\n\t\t\t\t<\/div>\n\t\t\t\t\t\t\t\t<\/div>\n\t\t\t\t<\/div>\n\t\t\t\t<div class=\"elementor-element elementor-element-079edce elementor-widget elementor-widget-spacer\" data-id=\"079edce\" data-element_type=\"widget\" data-e-type=\"widget\" data-widget_type=\"spacer.default\">\n\t\t\t\t<div class=\"elementor-widget-container\">\n\t\t\t\t\t\t\t<div class=\"elementor-spacer\">\n\t\t\t<div class=\"elementor-spacer-inner\"><\/div>\n\t\t<\/div>\n\t\t\t\t\t\t<\/div>\n\t\t\t\t<\/div>\n\t\t\t\t\t<\/div>\n\t\t<\/div>\n\t\t\t\t<div class=\"elementor-column elementor-col-50 elementor-top-column elementor-element elementor-element-d2392d8\" data-id=\"d2392d8\" data-element_type=\"column\" data-e-type=\"column\">\n\t\t\t<div class=\"elementor-widget-wrap elementor-element-populated\">\n\t\t\t\t\t\t<div class=\"elementor-element elementor-element-96caec1 elementor-widget elementor-widget-image\" data-id=\"96caec1\" data-element_type=\"widget\" data-e-type=\"widget\" data-widget_type=\"image.default\">\n\t\t\t\t<div class=\"elementor-widget-container\">\n\t\t\t\t\t\t\t\t\t\t\t\t\t\t\t<img decoding=\"async\" width=\"698\" height=\"1010\" src=\"https:\/\/simplestepsbetterair.org\/wp-content\/uploads\/2025\/04\/simple-steps-Ozone-Alert-narrow.webp\" class=\"attachment-full size-full wp-image-1646\" alt=\"\" srcset=\"https:\/\/simplestepsbetterair.org\/wp-content\/uploads\/2025\/04\/simple-steps-Ozone-Alert-narrow.webp 698w, https:\/\/simplestepsbetterair.org\/wp-content\/uploads\/2025\/04\/simple-steps-Ozone-Alert-narrow-207x300.png 207w, https:\/\/simplestepsbetterair.org\/wp-content\/uploads\/2025\/04\/simple-steps-Ozone-Alert-narrow-8x12.png 8w\" sizes=\"(max-width: 698px) 100vw, 698px\" \/>\t\t\t\t\t\t\t\t\t\t\t\t\t\t\t<\/div>\n\t\t\t\t<\/div>\n\t\t\t\t\t<\/div>\n\t\t<\/div>\n\t\t\t\t\t<\/div>\n\t\t<\/section>\n\t\t<div class=\"elementor-element elementor-element-861e8d8 e-flex e-con-boxed e-con e-parent\" data-id=\"861e8d8\" data-element_type=\"container\" data-e-type=\"container\" data-settings=\"{&quot;shape_divider_top&quot;:&quot;triangle-asymmetrical&quot;,&quot;shape_divider_top_negative&quot;:&quot;yes&quot;}\">\n\t\t\t\t\t<div class=\"e-con-inner\">\n\t\t\t\t<div class=\"elementor-shape elementor-shape-top\" aria-hidden=\"true\" data-negative=\"true\">\n\t\t\t<svg xmlns=\"http:\/\/www.w3.org\/2000\/svg\" viewbox=\"0 0 1000 100\" preserveaspectratio=\"none\">\n\t<path class=\"elementor-shape-fill\" d=\"M737.9,94.7L0,0v100h1000V0L737.9,94.7z\"\/>\n<\/svg>\t\t<\/div>\n\t\t\t\t\t<\/div>\n\t\t\t\t<\/div>\n\t\t\t\t<\/div>","protected":false},"excerpt":{"rendered":"<p>Work from home We encourage remote and hybrid work, as working from home at least one day each week is one of the easiest ways to improve our air quality. It cuts down on your commute, decreasing both traffic congestion and vehicle emissions!\u00a0 Want to get out of the house? Working remotely and locally in [&hellip;]<\/p>\n","protected":false},"author":2,"featured_media":2696,"parent":0,"menu_order":0,"comment_status":"closed","ping_status":"closed","template":"","meta":{"_mo_disable_npp":"","footnotes":""},"class_list":["post-2743","page","type-page","status-publish","has-post-thumbnail","hentry"],"yoast_head":"<!-- This site is optimized with the Yoast SEO plugin v27.2 - https:\/\/yoast.com\/product\/yoast-seo-wordpress\/ -->\n<title>Work from home - Simple Steps. Better Air.<\/title>\n<meta name=\"description\" content=\"When you work from home even one day a week, you cut your commute and reduce traffic emissions along Colorado&#039;s Front Range. Learn how remote work improves air quality.\" \/>\n<meta name=\"robots\" content=\"index, follow, max-snippet:-1, max-image-preview:large, max-video-preview:-1\" \/>\n<link rel=\"canonical\" href=\"https:\/\/simplestepsbetterair.org\/es\/work-from-home\/\" \/>\n<meta property=\"og:locale\" content=\"es_MX\" \/>\n<meta property=\"og:type\" content=\"article\" \/>\n<meta property=\"og:title\" content=\"Work from home - Simple Steps. Better Air.\" \/>\n<meta property=\"og:description\" content=\"When you work from home even one day a week, you cut your commute and reduce traffic emissions along Colorado&#039;s Front Range. Learn how remote work improves air quality.\" \/>\n<meta property=\"og:url\" content=\"https:\/\/simplestepsbetterair.org\/es\/work-from-home\/\" \/>\n<meta property=\"og:site_name\" content=\"Simple Steps. Better Air.\" \/>\n<meta property=\"article:modified_time\" content=\"2026-04-11T00:36:11+00:00\" \/>\n<meta property=\"og:image\" content=\"https:\/\/simplestepsbetterair.org\/wp-content\/uploads\/2026\/04\/Work-From-Home.webp\" \/>\n\t<meta property=\"og:image:width\" content=\"1424\" \/>\n\t<meta property=\"og:image:height\" content=\"1406\" \/>\n\t<meta property=\"og:image:type\" content=\"image\/webp\" \/>\n<meta name=\"twitter:card\" content=\"summary_large_image\" \/>\n<meta name=\"twitter:label1\" content=\"Tiempo de lectura\" \/>\n\t<meta name=\"twitter:data1\" content=\"2 minutos\" \/>\n<script type=\"application\/ld+json\" class=\"yoast-schema-graph\">{\"@context\":\"https:\/\/schema.org\",\"@graph\":[{\"@type\":\"WebPage\",\"@id\":\"https:\/\/simplestepsbetterair.org\/work-from-home\/\",\"url\":\"https:\/\/simplestepsbetterair.org\/work-from-home\/\",\"name\":\"Work from home - Simple Steps. Better Air.\",\"isPartOf\":{\"@id\":\"https:\/\/simplestepsbetterair.org\/#website\"},\"primaryImageOfPage\":{\"@id\":\"https:\/\/simplestepsbetterair.org\/work-from-home\/#primaryimage\"},\"image\":{\"@id\":\"https:\/\/simplestepsbetterair.org\/work-from-home\/#primaryimage\"},\"thumbnailUrl\":\"https:\/\/simplestepsbetterair.org\/wp-content\/uploads\/2026\/04\/Work-From-Home.webp\",\"datePublished\":\"2026-04-09T00:45:07+00:00\",\"dateModified\":\"2026-04-11T00:36:11+00:00\",\"description\":\"When you work from home even one day a week, you cut your commute and reduce traffic emissions along Colorado's Front Range. Learn how remote work improves air quality.\",\"breadcrumb\":{\"@id\":\"https:\/\/simplestepsbetterair.org\/work-from-home\/#breadcrumb\"},\"inLanguage\":\"es\",\"potentialAction\":[{\"@type\":\"ReadAction\",\"target\":[\"https:\/\/simplestepsbetterair.org\/work-from-home\/\"]}]},{\"@type\":\"ImageObject\",\"inLanguage\":\"es\",\"@id\":\"https:\/\/simplestepsbetterair.org\/work-from-home\/#primaryimage\",\"url\":\"https:\/\/simplestepsbetterair.org\/wp-content\/uploads\/2026\/04\/Work-From-Home.webp\",\"contentUrl\":\"https:\/\/simplestepsbetterair.org\/wp-content\/uploads\/2026\/04\/Work-From-Home.webp\",\"width\":1424,\"height\":1406,\"caption\":\"Illustration of a woman using a laptop to work from home at her desk, surrounded by houseplants with a sunny city view through the window\"},{\"@type\":\"BreadcrumbList\",\"@id\":\"https:\/\/simplestepsbetterair.org\/work-from-home\/#breadcrumb\",\"itemListElement\":[{\"@type\":\"ListItem\",\"position\":1,\"name\":\"Home\",\"item\":\"https:\/\/simplestepsbetterair.org\/\"},{\"@type\":\"ListItem\",\"position\":2,\"name\":\"Work from home\"}]},{\"@type\":\"WebSite\",\"@id\":\"https:\/\/simplestepsbetterair.org\/#website\",\"url\":\"https:\/\/simplestepsbetterair.org\/\",\"name\":\"Simple Steps. Better Air.\",\"description\":\"Simple Steps. Better Air. is a program of the Regional Air Quality Council (RAQC), the lead air quality planning organization for the nine-county Denver Metro\/North Front Range Ozone Nonattainment Area.\",\"publisher\":{\"@id\":\"https:\/\/simplestepsbetterair.org\/#organization\"},\"potentialAction\":[{\"@type\":\"SearchAction\",\"target\":{\"@type\":\"EntryPoint\",\"urlTemplate\":\"https:\/\/simplestepsbetterair.org\/?s={search_term_string}\"},\"query-input\":{\"@type\":\"PropertyValueSpecification\",\"valueRequired\":true,\"valueName\":\"search_term_string\"}}],\"inLanguage\":\"es\"},{\"@type\":\"Organization\",\"@id\":\"https:\/\/simplestepsbetterair.org\/#organization\",\"name\":\"Simple Steps. Better Air.\",\"url\":\"https:\/\/simplestepsbetterair.org\/\",\"logo\":{\"@type\":\"ImageObject\",\"inLanguage\":\"es\",\"@id\":\"https:\/\/simplestepsbetterair.org\/#\/schema\/logo\/image\/\",\"url\":\"https:\/\/simplestepsbetterair.org\/wp-content\/uploads\/2025\/02\/SSBA-main-logo.webp\",\"contentUrl\":\"https:\/\/simplestepsbetterair.org\/wp-content\/uploads\/2025\/02\/SSBA-main-logo.webp\",\"width\":888,\"height\":446,\"caption\":\"Simple Steps. Better Air.\"},\"image\":{\"@id\":\"https:\/\/simplestepsbetterair.org\/#\/schema\/logo\/image\/\"}}]}<\/script>\n<!-- \/ Yoast SEO plugin. -->","yoast_head_json":{"title":"Work from home - Simple Steps. Better Air.","description":"When you work from home even one day a week, you cut your commute and reduce traffic emissions along Colorado's Front Range. Learn how remote work improves air quality.","robots":{"index":"index","follow":"follow","max-snippet":"max-snippet:-1","max-image-preview":"max-image-preview:large","max-video-preview":"max-video-preview:-1"},"canonical":"https:\/\/simplestepsbetterair.org\/es\/work-from-home\/","og_locale":"es_MX","og_type":"article","og_title":"Work from home - Simple Steps. Better Air.","og_description":"When you work from home even one day a week, you cut your commute and reduce traffic emissions along Colorado's Front Range. Learn how remote work improves air quality.","og_url":"https:\/\/simplestepsbetterair.org\/es\/work-from-home\/","og_site_name":"Simple Steps. Better Air.","article_modified_time":"2026-04-11T00:36:11+00:00","og_image":[{"width":1424,"height":1406,"url":"https:\/\/simplestepsbetterair.org\/wp-content\/uploads\/2026\/04\/Work-From-Home.webp","type":"image\/webp"}],"twitter_card":"summary_large_image","twitter_misc":{"Tiempo de lectura":"2 minutos"},"schema":{"@context":"https:\/\/schema.org","@graph":[{"@type":"WebPage","@id":"https:\/\/simplestepsbetterair.org\/work-from-home\/","url":"https:\/\/simplestepsbetterair.org\/work-from-home\/","name":"Work from home - Simple Steps. Better Air.","isPartOf":{"@id":"https:\/\/simplestepsbetterair.org\/#website"},"primaryImageOfPage":{"@id":"https:\/\/simplestepsbetterair.org\/work-from-home\/#primaryimage"},"image":{"@id":"https:\/\/simplestepsbetterair.org\/work-from-home\/#primaryimage"},"thumbnailUrl":"https:\/\/simplestepsbetterair.org\/wp-content\/uploads\/2026\/04\/Work-From-Home.webp","datePublished":"2026-04-09T00:45:07+00:00","dateModified":"2026-04-11T00:36:11+00:00","description":"When you work from home even one day a week, you cut your commute and reduce traffic emissions along Colorado's Front Range. Learn how remote work improves air quality.","breadcrumb":{"@id":"https:\/\/simplestepsbetterair.org\/work-from-home\/#breadcrumb"},"inLanguage":"es","potentialAction":[{"@type":"ReadAction","target":["https:\/\/simplestepsbetterair.org\/work-from-home\/"]}]},{"@type":"ImageObject","inLanguage":"es","@id":"https:\/\/simplestepsbetterair.org\/work-from-home\/#primaryimage","url":"https:\/\/simplestepsbetterair.org\/wp-content\/uploads\/2026\/04\/Work-From-Home.webp","contentUrl":"https:\/\/simplestepsbetterair.org\/wp-content\/uploads\/2026\/04\/Work-From-Home.webp","width":1424,"height":1406,"caption":"Illustration of a woman using a laptop to work from home at her desk, surrounded by houseplants with a sunny city view through the window"},{"@type":"BreadcrumbList","@id":"https:\/\/simplestepsbetterair.org\/work-from-home\/#breadcrumb","itemListElement":[{"@type":"ListItem","position":1,"name":"Home","item":"https:\/\/simplestepsbetterair.org\/"},{"@type":"ListItem","position":2,"name":"Work from home"}]},{"@type":"WebSite","@id":"https:\/\/simplestepsbetterair.org\/#website","url":"https:\/\/simplestepsbetterair.org\/","name":"Pasos sencillos. Aire mejor.","description":"Pasos sencillos. Better Air. es un programa del Consejo Regional de Calidad del Aire (RAQC), la principal organizaci\u00f3n de planificaci\u00f3n de la calidad del aire de los nueve condados de Denver Metro\/North Front Range Nonattainment Ozone Area.","publisher":{"@id":"https:\/\/simplestepsbetterair.org\/#organization"},"potentialAction":[{"@type":"SearchAction","target":{"@type":"EntryPoint","urlTemplate":"https:\/\/simplestepsbetterair.org\/?s={search_term_string}"},"query-input":{"@type":"PropertyValueSpecification","valueRequired":true,"valueName":"search_term_string"}}],"inLanguage":"es"},{"@type":"Organization","@id":"https:\/\/simplestepsbetterair.org\/#organization","name":"Pasos sencillos. Aire mejor.","url":"https:\/\/simplestepsbetterair.org\/","logo":{"@type":"ImageObject","inLanguage":"es","@id":"https:\/\/simplestepsbetterair.org\/#\/schema\/logo\/image\/","url":"https:\/\/simplestepsbetterair.org\/wp-content\/uploads\/2025\/02\/SSBA-main-logo.webp","contentUrl":"https:\/\/simplestepsbetterair.org\/wp-content\/uploads\/2025\/02\/SSBA-main-logo.webp","width":888,"height":446,"caption":"Simple Steps. Better Air."},"image":{"@id":"https:\/\/simplestepsbetterair.org\/#\/schema\/logo\/image\/"}}]}},"_links":{"self":[{"href":"https:\/\/simplestepsbetterair.org\/es\/wp-json\/wp\/v2\/pages\/2743","targetHints":{"allow":["GET"]}}],"collection":[{"href":"https:\/\/simplestepsbetterair.org\/es\/wp-json\/wp\/v2\/pages"}],"about":[{"href":"https:\/\/simplestepsbetterair.org\/es\/wp-json\/wp\/v2\/types\/page"}],"author":[{"embeddable":true,"href":"https:\/\/simplestepsbetterair.org\/es\/wp-json\/wp\/v2\/users\/2"}],"replies":[{"embeddable":true,"href":"https:\/\/simplestepsbetterair.org\/es\/wp-json\/wp\/v2\/comments?post=2743"}],"version-history":[{"count":10,"href":"https:\/\/simplestepsbetterair.org\/es\/wp-json\/wp\/v2\/pages\/2743\/revisions"}],"predecessor-version":[{"id":2833,"href":"https:\/\/simplestepsbetterair.org\/es\/wp-json\/wp\/v2\/pages\/2743\/revisions\/2833"}],"wp:featuredmedia":[{"embeddable":true,"href":"https:\/\/simplestepsbetterair.org\/es\/wp-json\/wp\/v2\/media\/2696"}],"wp:attachment":[{"href":"https:\/\/simplestepsbetterair.org\/es\/wp-json\/wp\/v2\/media?parent=2743"}],"curies":[{"name":"wp","href":"https:\/\/api.w.org\/{rel}","templated":true}]}}