{"id":2732,"date":"2026-04-09T00:40:19","date_gmt":"2026-04-09T00:40:19","guid":{"rendered":"https:\/\/simplestepsbetterair.org\/?page_id=2732"},"modified":"2026-04-11T00:28:56","modified_gmt":"2026-04-11T00:28:56","slug":"public-transportation","status":"publish","type":"page","link":"https:\/\/simplestepsbetterair.org\/es\/public-transportation\/","title":{"rendered":"Transporte p\u00fablico"},"content":{"rendered":"<div data-elementor-type=\"wp-page\" data-elementor-id=\"2732\" class=\"elementor elementor-2732\" data-elementor-post-type=\"page\">\n\t\t\t\t<div class=\"elementor-element elementor-element-8a85dfb e-flex e-con-boxed e-con e-parent\" data-id=\"8a85dfb\" data-element_type=\"container\" data-e-type=\"container\">\n\t\t\t\t\t<div class=\"e-con-inner\">\n\t\t<div class=\"elementor-element elementor-element-ab07223 e-con-full e-flex e-con e-child\" data-id=\"ab07223\" data-element_type=\"container\" data-e-type=\"container\">\n\t\t\t\t<div class=\"elementor-element elementor-element-3abd91b elementor-widget elementor-widget-heading\" data-id=\"3abd91b\" data-element_type=\"widget\" data-e-type=\"widget\" data-widget_type=\"heading.default\">\n\t\t\t\t<div class=\"elementor-widget-container\">\n\t\t\t\t\t<h1 class=\"elementor-heading-title elementor-size-default\">Toma el transporte p\u00fablico<\/h1>\t\t\t\t<\/div>\n\t\t\t\t<\/div>\n\t\t\t\t<div class=\"elementor-element elementor-element-beaffa9 elementor-widget elementor-widget-text-editor\" data-id=\"beaffa9\" data-element_type=\"widget\" data-e-type=\"widget\" data-widget_type=\"text-editor.default\">\n\t\t\t\t<div class=\"elementor-widget-container\">\n\t\t\t\t\t\t\t\t\t<p style=\"text-align: left;\">Deje el coche en casa, evite estar sentado en el tr\u00e1fico y coja el autob\u00fas o el tren para ir al trabajo, hacer recados o acudir a eventos y citas. Comparado con el coche, el transporte p\u00fablico reduce casi a la mitad las emisiones de di\u00f3xido de carbono, disminuye los contaminantes de la atm\u00f3sfera y mejora la calidad del aire.<\/p>\t\t\t\t\t\t\t\t<\/div>\n\t\t\t\t<\/div>\n\t\t\t\t<\/div>\n\t\t<div class=\"elementor-element elementor-element-1e64107 e-con-full e-flex e-con e-child\" data-id=\"1e64107\" data-element_type=\"container\" data-e-type=\"container\">\n\t\t\t\t<div class=\"elementor-element elementor-element-c15d661 elementor-widget elementor-widget-image\" data-id=\"c15d661\" data-element_type=\"widget\" data-e-type=\"widget\" data-widget_type=\"image.default\">\n\t\t\t\t<div class=\"elementor-widget-container\">\n\t\t\t\t\t\t\t\t\t\t\t\t\t\t\t<img fetchpriority=\"high\" decoding=\"async\" width=\"800\" height=\"800\" src=\"https:\/\/simplestepsbetterair.org\/wp-content\/uploads\/2026\/04\/Take-Public-Transportation-1024x1024.webp\" class=\"attachment-large size-large wp-image-2691\" alt=\"Illustration of a man holding a handrail while riding a city bus, encouraging commuters to take public transportation to improve air quality\" srcset=\"https:\/\/simplestepsbetterair.org\/wp-content\/uploads\/2026\/04\/Take-Public-Transportation-1024x1024.webp 1024w, https:\/\/simplestepsbetterair.org\/wp-content\/uploads\/2026\/04\/Take-Public-Transportation-300x300.webp 300w, https:\/\/simplestepsbetterair.org\/wp-content\/uploads\/2026\/04\/Take-Public-Transportation-150x150.webp 150w, https:\/\/simplestepsbetterair.org\/wp-content\/uploads\/2026\/04\/Take-Public-Transportation-768x768.webp 768w, https:\/\/simplestepsbetterair.org\/wp-content\/uploads\/2026\/04\/Take-Public-Transportation-12x12.webp 12w, https:\/\/simplestepsbetterair.org\/wp-content\/uploads\/2026\/04\/Take-Public-Transportation.webp 1349w\" sizes=\"(max-width: 800px) 100vw, 800px\" \/>\t\t\t\t\t\t\t\t\t\t\t\t\t\t\t<\/div>\n\t\t\t\t<\/div>\n\t\t\t\t<\/div>\n\t\t\t\t\t<\/div>\n\t\t\t\t<\/div>\n\t\t<div class=\"elementor-element elementor-element-63d938d e-flex e-con-boxed e-con e-parent\" data-id=\"63d938d\" data-element_type=\"container\" data-e-type=\"container\">\n\t\t\t\t\t<div class=\"e-con-inner\">\n\t\t<div class=\"elementor-element elementor-element-aebc12f e-flex e-con-boxed e-con e-child\" data-id=\"aebc12f\" data-element_type=\"container\" data-e-type=\"container\">\n\t\t\t\t\t<div class=\"e-con-inner\">\n\t\t\t\t<div class=\"elementor-element elementor-element-abb9423 elementor-widget elementor-widget-heading\" data-id=\"abb9423\" data-element_type=\"widget\" data-e-type=\"widget\" data-widget_type=\"heading.default\">\n\t\t\t\t<div class=\"elementor-widget-container\">\n\t\t\t\t\t<h2 class=\"elementor-heading-title elementor-size-default\">The Colorado Front Range has multiple public transit choices.<\/h2>\t\t\t\t<\/div>\n\t\t\t\t<\/div>\n\t\t\t\t<div class=\"elementor-element elementor-element-9b48f2b elementor-widget elementor-widget-text-editor\" data-id=\"9b48f2b\" data-element_type=\"widget\" data-e-type=\"widget\" data-widget_type=\"text-editor.default\">\n\t\t\t\t<div class=\"elementor-widget-container\">\n\t\t\t\t\t\t\t\t\t<p style=\"text-align: left;\">Find the right one for you!<br \/>\u00a0<br \/><a href=\"https:\/\/www.rtd-denver.com\/\" target=\"_blank\" rel=\"noopener\" data-fpl-component=\"primitive\">RTD (Distrito Regional de Transportes)<\/a> cubre el \u00e1rea metropolitana de Denver e incluye autobuses, tren ligero y una l\u00ednea de cercan\u00edas. RTD <a href=\"http:\/\/rtd-denver.com\/zero-fare-for-youth\" target=\"_blank\" rel=\"noopener\" data-fpl-component=\"primitive\">Tarifa cero para los j\u00f3venes<\/a> invita a los usuarios menores de 19 a\u00f1os a utilizar RTD sin coste alguno.\u00a0<br \/><br \/><a href=\"https:\/\/ridetransfort.com\/hours-and-locations\/\" target=\"_blank\" rel=\"noopener\" data-fpl-component=\"primitive\">Transferencia<\/a> es una opci\u00f3n de transporte p\u00fablico gratuito que da servicio a Fort Collins en el condado de Larimer. <a href=\"https:\/\/ridetransfort.com\/routes-flex\/\" target=\"_blank\" rel=\"noopener\" data-fpl-component=\"primitive\">Transfort ofrece FLEX<\/a>, una ruta que conecta a los viajeros con paradas entre Fort Collins, Loveland, Berthoud, Longmont y Boulder, proporcionando una forma c\u00f3moda de viajar por toda la regi\u00f3n.\u00a0<br \/><br \/><a href=\"https:\/\/greeleyevanstransit.com\/\" target=\"_blank\" rel=\"noopener\" data-fpl-component=\"primitive\">Greeley-Evans Transit (GET)<\/a> es un sistema de transporte p\u00fablico que cubre las zonas de Greeley y Evans, en el condado de Weld, y sus alrededores.\u00a0<br \/><br \/><a href=\"https:\/\/www.berthoud.org\/159\/Berthoud-Area-Transportation-Service-BAT\" target=\"_blank\" rel=\"noopener\" data-fpl-component=\"primitive\">Servicio de transporte del \u00e1rea de Berthoud (BATS)<\/a> es un servicio de transporte p\u00fablico que cubre la zona de Berthoud, en el norte de Colorado, y ofrece servicio de puerta a puerta los d\u00edas laborables.\u00a0<br \/><br \/><a href=\"https:\/\/www.lovgov.org\/services\/public-works\/bus-service\" target=\"_blank\" rel=\"noopener\" data-fpl-component=\"primitive\">Transporte de la ciudad de Loveland (COLT)<\/a> es una opci\u00f3n de tr\u00e1nsito limitado que da servicio a Loveland, y conecta con FLEX, la principal ruta de autob\u00fas regional del norte de Colorado, operada por Transfort.<br \/><br \/><a href=\"https:\/\/ridebustang.com\/\" target=\"_blank\" rel=\"noopener\" data-fpl-component=\"primitive\">Bustang de CDOT<\/a> puede ir a la monta\u00f1a y volver en verano sin coche. Incluso puede llevar su bicicleta, monopat\u00edn o patinete. El Parque Nacional de las Monta\u00f1as Rocosas, Fort Collins, Steamboat Springs, Telluride, Durango, Crested Butte, Breckenridge y muchos otros lugares est\u00e1n a un paso en autob\u00fas. Las tarifas son diferentes a las de otras opciones de transporte en Front Range, as\u00ed que aseg\u00farese de consultar los costes, rutas y horarios en su sitio web. Hay descuentos para ni\u00f1os, personas mayores y discapacitados.\u00a0<\/p>\t\t\t\t\t\t\t\t<\/div>\n\t\t\t\t<\/div>\n\t\t\t\t\t<\/div>\n\t\t\t\t<\/div>\n\t\t\t\t\t<\/div>\n\t\t\t\t<\/div>\n\t\t<div class=\"elementor-element elementor-element-d9657ad e-flex e-con-boxed e-con e-parent\" data-id=\"d9657ad\" data-element_type=\"container\" data-e-type=\"container\" data-settings=\"{&quot;background_background&quot;:&quot;classic&quot;,&quot;shape_divider_top&quot;:&quot;triangle-asymmetrical&quot;}\">\n\t\t\t\t\t<div class=\"e-con-inner\">\n\t\t\t\t<div class=\"elementor-shape elementor-shape-top\" aria-hidden=\"true\" data-negative=\"false\">\n\t\t\t<svg xmlns=\"http:\/\/www.w3.org\/2000\/svg\" viewbox=\"0 0 1000 100\" preserveaspectratio=\"none\">\n\t<path class=\"elementor-shape-fill\" d=\"M738,99l262-93V0H0v5.6L738,99z\"\/>\n<\/svg>\t\t<\/div>\n\t\t\t\t\t<\/div>\n\t\t\t\t<\/div>\n\t\t\t\t<section class=\"elementor-section elementor-top-section elementor-element elementor-element-eb31536 elementor-reverse-mobile elementor-section-boxed elementor-section-height-default elementor-section-height-default\" data-id=\"eb31536\" data-element_type=\"section\" data-e-type=\"section\" data-settings=\"{&quot;background_background&quot;:&quot;classic&quot;}\">\n\t\t\t\t\t\t<div class=\"elementor-container elementor-column-gap-default\">\n\t\t\t\t\t<div class=\"elementor-column elementor-col-50 elementor-top-column elementor-element elementor-element-bbce74b\" data-id=\"bbce74b\" data-element_type=\"column\" data-e-type=\"column\">\n\t\t\t<div class=\"elementor-widget-wrap elementor-element-populated\">\n\t\t\t\t\t\t<div class=\"elementor-element elementor-element-0e3c328 elementor-widget elementor-widget-heading\" data-id=\"0e3c328\" data-element_type=\"widget\" data-e-type=\"widget\" data-widget_type=\"heading.default\">\n\t\t\t\t<div class=\"elementor-widget-container\">\n\t\t\t\t\t<h2 class=\"elementor-heading-title elementor-size-default\">Saber cu\u00e1ndo es m\u00e1s importante<\/h2>\t\t\t\t<\/div>\n\t\t\t\t<\/div>\n\t\t\t\t<div class=\"elementor-element elementor-element-1a73087 elementor-widget-tablet__width-initial elementor-widget elementor-widget-text-editor\" data-id=\"1a73087\" data-element_type=\"widget\" data-e-type=\"widget\" data-widget_type=\"text-editor.default\">\n\t\t\t\t<div class=\"elementor-widget-container\">\n\t\t\t\t\t\t\t\t\t<p><span style=\"font-weight: 400;\">Cuando se trata de tomar medidas para mejorar la calidad del aire,<\/span>\u00a1algunos d\u00edas son m\u00e1s importantes que otros! <span style=\"color: #ffffff;\">Suscr\u00edbase a las alertas veraniegas sobre el ozono<\/span>\u00a0para saber cu\u00e1ndo es m\u00e1s importante tomar medidas sencillas para mejorar el aire de su comunidad. <strong>Nuestras oportunas alertas de texto y correo electr\u00f3nico tambi\u00e9n pueden ayudarle a proteger su salud.<\/strong><\/p>\t\t\t\t\t\t\t\t<\/div>\n\t\t\t\t<\/div>\n\t\t\t\t<div class=\"elementor-element elementor-element-8395331 elementor-widget elementor-widget-button\" data-id=\"8395331\" data-element_type=\"widget\" data-e-type=\"widget\" data-widget_type=\"button.default\">\n\t\t\t\t<div class=\"elementor-widget-container\">\n\t\t\t\t\t\t\t\t\t<div class=\"elementor-button-wrapper\">\n\t\t\t\t\t<a class=\"elementor-button elementor-button-link elementor-size-sm\" href=\"https:\/\/simplestepsbetterair.org\/index.php\/sign-up\/\">\n\t\t\t\t\t\t<span class=\"elementor-button-content-wrapper\">\n\t\t\t\t\t\t\t\t\t<span class=\"elementor-button-text\">Inscribirse a las alertas de ozono en verano<\/span>\n\t\t\t\t\t<\/span>\n\t\t\t\t\t<\/a>\n\t\t\t\t<\/div>\n\t\t\t\t\t\t\t\t<\/div>\n\t\t\t\t<\/div>\n\t\t\t\t<div class=\"elementor-element elementor-element-7011d5d elementor-widget elementor-widget-spacer\" data-id=\"7011d5d\" data-element_type=\"widget\" data-e-type=\"widget\" data-widget_type=\"spacer.default\">\n\t\t\t\t<div class=\"elementor-widget-container\">\n\t\t\t\t\t\t\t<div class=\"elementor-spacer\">\n\t\t\t<div class=\"elementor-spacer-inner\"><\/div>\n\t\t<\/div>\n\t\t\t\t\t\t<\/div>\n\t\t\t\t<\/div>\n\t\t\t\t\t<\/div>\n\t\t<\/div>\n\t\t\t\t<div class=\"elementor-column elementor-col-50 elementor-top-column elementor-element elementor-element-d01a343\" data-id=\"d01a343\" data-element_type=\"column\" data-e-type=\"column\">\n\t\t\t<div class=\"elementor-widget-wrap elementor-element-populated\">\n\t\t\t\t\t\t<div class=\"elementor-element elementor-element-86f4783 elementor-widget elementor-widget-image\" data-id=\"86f4783\" data-element_type=\"widget\" data-e-type=\"widget\" data-widget_type=\"image.default\">\n\t\t\t\t<div class=\"elementor-widget-container\">\n\t\t\t\t\t\t\t\t\t\t\t\t\t\t\t<img decoding=\"async\" width=\"698\" height=\"1010\" src=\"https:\/\/simplestepsbetterair.org\/wp-content\/uploads\/2025\/04\/simple-steps-Ozone-Alert-narrow.webp\" class=\"attachment-full size-full wp-image-1646\" alt=\"\" srcset=\"https:\/\/simplestepsbetterair.org\/wp-content\/uploads\/2025\/04\/simple-steps-Ozone-Alert-narrow.webp 698w, https:\/\/simplestepsbetterair.org\/wp-content\/uploads\/2025\/04\/simple-steps-Ozone-Alert-narrow-207x300.png 207w, https:\/\/simplestepsbetterair.org\/wp-content\/uploads\/2025\/04\/simple-steps-Ozone-Alert-narrow-8x12.png 8w\" sizes=\"(max-width: 698px) 100vw, 698px\" \/>\t\t\t\t\t\t\t\t\t\t\t\t\t\t\t<\/div>\n\t\t\t\t<\/div>\n\t\t\t\t\t<\/div>\n\t\t<\/div>\n\t\t\t\t\t<\/div>\n\t\t<\/section>\n\t\t<div class=\"elementor-element elementor-element-76722cf e-flex e-con-boxed e-con e-parent\" data-id=\"76722cf\" data-element_type=\"container\" data-e-type=\"container\" data-settings=\"{&quot;shape_divider_top&quot;:&quot;triangle-asymmetrical&quot;,&quot;shape_divider_top_negative&quot;:&quot;yes&quot;}\">\n\t\t\t\t\t<div class=\"e-con-inner\">\n\t\t\t\t<div class=\"elementor-shape elementor-shape-top\" aria-hidden=\"true\" data-negative=\"true\">\n\t\t\t<svg xmlns=\"http:\/\/www.w3.org\/2000\/svg\" viewbox=\"0 0 1000 100\" preserveaspectratio=\"none\">\n\t<path class=\"elementor-shape-fill\" d=\"M737.9,94.7L0,0v100h1000V0L737.9,94.7z\"\/>\n<\/svg>\t\t<\/div>\n\t\t\t\t\t<\/div>\n\t\t\t\t<\/div>\n\t\t\t\t<\/div>","protected":false},"excerpt":{"rendered":"<p>Take public transportation Leave the car at home, avoid sitting in traffic, and take the bus or train to work, to run errands, or attend events and appointments. Compared with driving alone, taking public transportation cuts carbon dioxide emissions almost in half, decreasing pollutants in the atmosphere and improving air quality! The Colorado Front Range [&hellip;]<\/p>\n","protected":false},"author":2,"featured_media":2691,"parent":0,"menu_order":0,"comment_status":"closed","ping_status":"closed","template":"","meta":{"_mo_disable_npp":"","footnotes":""},"class_list":["post-2732","page","type-page","status-publish","has-post-thumbnail","hentry"],"yoast_head":"<!-- This site is optimized with the Yoast SEO plugin v27.2 - https:\/\/yoast.com\/product\/yoast-seo-wordpress\/ -->\n<title>Public Transportation - Simple Steps. Better Air.<\/title>\n<meta name=\"description\" content=\"Take public transportation to cut emissions and skip the traffic. Find Front Range transit options from RTD, Transfort, Bustang, and more. Youth 19 and under ride RTD free.\" \/>\n<meta name=\"robots\" content=\"index, follow, max-snippet:-1, max-image-preview:large, max-video-preview:-1\" \/>\n<link rel=\"canonical\" href=\"https:\/\/simplestepsbetterair.org\/es\/public-transportation\/\" \/>\n<meta property=\"og:locale\" content=\"es_MX\" \/>\n<meta property=\"og:type\" content=\"article\" \/>\n<meta property=\"og:title\" content=\"Public Transportation - Simple Steps. Better Air.\" \/>\n<meta property=\"og:description\" content=\"Take public transportation to cut emissions and skip the traffic. Find Front Range transit options from RTD, Transfort, Bustang, and more. Youth 19 and under ride RTD free.\" \/>\n<meta property=\"og:url\" content=\"https:\/\/simplestepsbetterair.org\/es\/public-transportation\/\" \/>\n<meta property=\"og:site_name\" content=\"Simple Steps. Better Air.\" \/>\n<meta property=\"article:modified_time\" content=\"2026-04-11T00:28:56+00:00\" \/>\n<meta property=\"og:image\" content=\"https:\/\/simplestepsbetterair.org\/wp-content\/uploads\/2026\/04\/Take-Public-Transportation.webp\" \/>\n\t<meta property=\"og:image:width\" content=\"1349\" \/>\n\t<meta property=\"og:image:height\" content=\"1349\" \/>\n\t<meta property=\"og:image:type\" content=\"image\/webp\" \/>\n<meta name=\"twitter:card\" content=\"summary_large_image\" \/>\n<meta name=\"twitter:label1\" content=\"Tiempo de lectura\" \/>\n\t<meta name=\"twitter:data1\" content=\"3 minutos\" \/>\n<script type=\"application\/ld+json\" class=\"yoast-schema-graph\">{\"@context\":\"https:\/\/schema.org\",\"@graph\":[{\"@type\":\"WebPage\",\"@id\":\"https:\/\/simplestepsbetterair.org\/public-transportation\/\",\"url\":\"https:\/\/simplestepsbetterair.org\/public-transportation\/\",\"name\":\"Public Transportation - Simple Steps. Better Air.\",\"isPartOf\":{\"@id\":\"https:\/\/simplestepsbetterair.org\/#website\"},\"primaryImageOfPage\":{\"@id\":\"https:\/\/simplestepsbetterair.org\/public-transportation\/#primaryimage\"},\"image\":{\"@id\":\"https:\/\/simplestepsbetterair.org\/public-transportation\/#primaryimage\"},\"thumbnailUrl\":\"https:\/\/simplestepsbetterair.org\/wp-content\/uploads\/2026\/04\/Take-Public-Transportation.webp\",\"datePublished\":\"2026-04-09T00:40:19+00:00\",\"dateModified\":\"2026-04-11T00:28:56+00:00\",\"description\":\"Take public transportation to cut emissions and skip the traffic. Find Front Range transit options from RTD, Transfort, Bustang, and more. Youth 19 and under ride RTD free.\",\"breadcrumb\":{\"@id\":\"https:\/\/simplestepsbetterair.org\/public-transportation\/#breadcrumb\"},\"inLanguage\":\"es\",\"potentialAction\":[{\"@type\":\"ReadAction\",\"target\":[\"https:\/\/simplestepsbetterair.org\/public-transportation\/\"]}]},{\"@type\":\"ImageObject\",\"inLanguage\":\"es\",\"@id\":\"https:\/\/simplestepsbetterair.org\/public-transportation\/#primaryimage\",\"url\":\"https:\/\/simplestepsbetterair.org\/wp-content\/uploads\/2026\/04\/Take-Public-Transportation.webp\",\"contentUrl\":\"https:\/\/simplestepsbetterair.org\/wp-content\/uploads\/2026\/04\/Take-Public-Transportation.webp\",\"width\":1349,\"height\":1349,\"caption\":\"Illustration of a man holding a handrail while riding a city bus, encouraging commuters to take public transportation to improve air quality\"},{\"@type\":\"BreadcrumbList\",\"@id\":\"https:\/\/simplestepsbetterair.org\/public-transportation\/#breadcrumb\",\"itemListElement\":[{\"@type\":\"ListItem\",\"position\":1,\"name\":\"Home\",\"item\":\"https:\/\/simplestepsbetterair.org\/\"},{\"@type\":\"ListItem\",\"position\":2,\"name\":\"Public Transportation\"}]},{\"@type\":\"WebSite\",\"@id\":\"https:\/\/simplestepsbetterair.org\/#website\",\"url\":\"https:\/\/simplestepsbetterair.org\/\",\"name\":\"Simple Steps. Better Air.\",\"description\":\"Simple Steps. Better Air. is a program of the Regional Air Quality Council (RAQC), the lead air quality planning organization for the nine-county Denver Metro\/North Front Range Ozone Nonattainment Area.\",\"publisher\":{\"@id\":\"https:\/\/simplestepsbetterair.org\/#organization\"},\"potentialAction\":[{\"@type\":\"SearchAction\",\"target\":{\"@type\":\"EntryPoint\",\"urlTemplate\":\"https:\/\/simplestepsbetterair.org\/?s={search_term_string}\"},\"query-input\":{\"@type\":\"PropertyValueSpecification\",\"valueRequired\":true,\"valueName\":\"search_term_string\"}}],\"inLanguage\":\"es\"},{\"@type\":\"Organization\",\"@id\":\"https:\/\/simplestepsbetterair.org\/#organization\",\"name\":\"Simple Steps. Better Air.\",\"url\":\"https:\/\/simplestepsbetterair.org\/\",\"logo\":{\"@type\":\"ImageObject\",\"inLanguage\":\"es\",\"@id\":\"https:\/\/simplestepsbetterair.org\/#\/schema\/logo\/image\/\",\"url\":\"https:\/\/simplestepsbetterair.org\/wp-content\/uploads\/2025\/02\/SSBA-main-logo.webp\",\"contentUrl\":\"https:\/\/simplestepsbetterair.org\/wp-content\/uploads\/2025\/02\/SSBA-main-logo.webp\",\"width\":888,\"height\":446,\"caption\":\"Simple Steps. Better Air.\"},\"image\":{\"@id\":\"https:\/\/simplestepsbetterair.org\/#\/schema\/logo\/image\/\"}}]}<\/script>\n<!-- \/ Yoast SEO plugin. -->","yoast_head_json":{"title":"Public Transportation - Simple Steps. Better Air.","description":"Take public transportation to cut emissions and skip the traffic. Find Front Range transit options from RTD, Transfort, Bustang, and more. Youth 19 and under ride RTD free.","robots":{"index":"index","follow":"follow","max-snippet":"max-snippet:-1","max-image-preview":"max-image-preview:large","max-video-preview":"max-video-preview:-1"},"canonical":"https:\/\/simplestepsbetterair.org\/es\/public-transportation\/","og_locale":"es_MX","og_type":"article","og_title":"Public Transportation - Simple Steps. Better Air.","og_description":"Take public transportation to cut emissions and skip the traffic. Find Front Range transit options from RTD, Transfort, Bustang, and more. Youth 19 and under ride RTD free.","og_url":"https:\/\/simplestepsbetterair.org\/es\/public-transportation\/","og_site_name":"Simple Steps. Better Air.","article_modified_time":"2026-04-11T00:28:56+00:00","og_image":[{"width":1349,"height":1349,"url":"https:\/\/simplestepsbetterair.org\/wp-content\/uploads\/2026\/04\/Take-Public-Transportation.webp","type":"image\/webp"}],"twitter_card":"summary_large_image","twitter_misc":{"Tiempo de lectura":"3 minutos"},"schema":{"@context":"https:\/\/schema.org","@graph":[{"@type":"WebPage","@id":"https:\/\/simplestepsbetterair.org\/public-transportation\/","url":"https:\/\/simplestepsbetterair.org\/public-transportation\/","name":"Public Transportation - Simple Steps. Better Air.","isPartOf":{"@id":"https:\/\/simplestepsbetterair.org\/#website"},"primaryImageOfPage":{"@id":"https:\/\/simplestepsbetterair.org\/public-transportation\/#primaryimage"},"image":{"@id":"https:\/\/simplestepsbetterair.org\/public-transportation\/#primaryimage"},"thumbnailUrl":"https:\/\/simplestepsbetterair.org\/wp-content\/uploads\/2026\/04\/Take-Public-Transportation.webp","datePublished":"2026-04-09T00:40:19+00:00","dateModified":"2026-04-11T00:28:56+00:00","description":"Take public transportation to cut emissions and skip the traffic. Find Front Range transit options from RTD, Transfort, Bustang, and more. Youth 19 and under ride RTD free.","breadcrumb":{"@id":"https:\/\/simplestepsbetterair.org\/public-transportation\/#breadcrumb"},"inLanguage":"es","potentialAction":[{"@type":"ReadAction","target":["https:\/\/simplestepsbetterair.org\/public-transportation\/"]}]},{"@type":"ImageObject","inLanguage":"es","@id":"https:\/\/simplestepsbetterair.org\/public-transportation\/#primaryimage","url":"https:\/\/simplestepsbetterair.org\/wp-content\/uploads\/2026\/04\/Take-Public-Transportation.webp","contentUrl":"https:\/\/simplestepsbetterair.org\/wp-content\/uploads\/2026\/04\/Take-Public-Transportation.webp","width":1349,"height":1349,"caption":"Illustration of a man holding a handrail while riding a city bus, encouraging commuters to take public transportation to improve air quality"},{"@type":"BreadcrumbList","@id":"https:\/\/simplestepsbetterair.org\/public-transportation\/#breadcrumb","itemListElement":[{"@type":"ListItem","position":1,"name":"Home","item":"https:\/\/simplestepsbetterair.org\/"},{"@type":"ListItem","position":2,"name":"Public Transportation"}]},{"@type":"WebSite","@id":"https:\/\/simplestepsbetterair.org\/#website","url":"https:\/\/simplestepsbetterair.org\/","name":"Pasos sencillos. Aire mejor.","description":"Pasos sencillos. Better Air. es un programa del Consejo Regional de Calidad del Aire (RAQC), la principal organizaci\u00f3n de planificaci\u00f3n de la calidad del aire de los nueve condados de Denver Metro\/North Front Range Nonattainment Ozone Area.","publisher":{"@id":"https:\/\/simplestepsbetterair.org\/#organization"},"potentialAction":[{"@type":"SearchAction","target":{"@type":"EntryPoint","urlTemplate":"https:\/\/simplestepsbetterair.org\/?s={search_term_string}"},"query-input":{"@type":"PropertyValueSpecification","valueRequired":true,"valueName":"search_term_string"}}],"inLanguage":"es"},{"@type":"Organization","@id":"https:\/\/simplestepsbetterair.org\/#organization","name":"Pasos sencillos. Aire mejor.","url":"https:\/\/simplestepsbetterair.org\/","logo":{"@type":"ImageObject","inLanguage":"es","@id":"https:\/\/simplestepsbetterair.org\/#\/schema\/logo\/image\/","url":"https:\/\/simplestepsbetterair.org\/wp-content\/uploads\/2025\/02\/SSBA-main-logo.webp","contentUrl":"https:\/\/simplestepsbetterair.org\/wp-content\/uploads\/2025\/02\/SSBA-main-logo.webp","width":888,"height":446,"caption":"Simple Steps. Better Air."},"image":{"@id":"https:\/\/simplestepsbetterair.org\/#\/schema\/logo\/image\/"}}]}},"_links":{"self":[{"href":"https:\/\/simplestepsbetterair.org\/es\/wp-json\/wp\/v2\/pages\/2732","targetHints":{"allow":["GET"]}}],"collection":[{"href":"https:\/\/simplestepsbetterair.org\/es\/wp-json\/wp\/v2\/pages"}],"about":[{"href":"https:\/\/simplestepsbetterair.org\/es\/wp-json\/wp\/v2\/types\/page"}],"author":[{"embeddable":true,"href":"https:\/\/simplestepsbetterair.org\/es\/wp-json\/wp\/v2\/users\/2"}],"replies":[{"embeddable":true,"href":"https:\/\/simplestepsbetterair.org\/es\/wp-json\/wp\/v2\/comments?post=2732"}],"version-history":[{"count":10,"href":"https:\/\/simplestepsbetterair.org\/es\/wp-json\/wp\/v2\/pages\/2732\/revisions"}],"predecessor-version":[{"id":2818,"href":"https:\/\/simplestepsbetterair.org\/es\/wp-json\/wp\/v2\/pages\/2732\/revisions\/2818"}],"wp:featuredmedia":[{"embeddable":true,"href":"https:\/\/simplestepsbetterair.org\/es\/wp-json\/wp\/v2\/media\/2691"}],"wp:attachment":[{"href":"https:\/\/simplestepsbetterair.org\/es\/wp-json\/wp\/v2\/media?parent=2732"}],"curies":[{"name":"wp","href":"https:\/\/api.w.org\/{rel}","templated":true}]}}